{"id":1956,"date":"2023-04-10T15:32:31","date_gmt":"2023-04-10T13:32:31","guid":{"rendered":"https:\/\/museksschoulhesper.lu\/die-schule\/"},"modified":"2025-08-31T16:22:21","modified_gmt":"2025-08-31T14:22:21","slug":"die-schule","status":"publish","type":"page","link":"https:\/\/museksschoulhesper.lu\/lb-lu\/die-schule\/","title":{"rendered":"D&#8217;Schoul"},"content":{"rendered":"<p>[et_pb_section fb_built=&#8221;1&#8243; _builder_version=&#8221;4.20.2&#8243; _module_preset=&#8221;default&#8221; custom_padding=&#8221;0px||0px||false|false&#8221; global_colors_info=&#8221;{}&#8221;][et_pb_row _builder_version=&#8221;4.20.2&#8243; _module_preset=&#8221;default&#8221; width=&#8221;100%&#8221; max_width=&#8221;100%&#8221; global_colors_info=&#8221;{}&#8221;][et_pb_column type=&#8221;4_4&#8243; _builder_version=&#8221;4.20.2&#8243; _module_preset=&#8221;default&#8221; global_colors_info=&#8221;{}&#8221;][wdcl_image_carousel autoplay_speed=&#8221;3000ms&#8221; nav_pagi=&#8221;none&#8221; slide_count=&#8221;5&#8243; slide_spacing=&#8221;0px&#8221; _builder_version=&#8221;4.20.2&#8243; _module_preset=&#8221;default&#8221; global_colors_info=&#8221;{}&#8221;][wdcl_image_carousel_child photo=&#8221;https:\/\/museksschoulhesper.lu\/wp-content\/uploads\/2023\/04\/Streichinstrumente-Musikkurse-blau.jpg&#8221; _builder_version=&#8221;4.20.2&#8243; _module_preset=&#8221;default&#8221; global_colors_info=&#8221;{}&#8221;][\/wdcl_image_carousel_child][wdcl_image_carousel_child photo=&#8221;https:\/\/museksschoulhesper.lu\/wp-content\/uploads\/2023\/04\/Musikkurse-Blechblaeser-rot.jpg&#8221; _builder_version=&#8221;4.20.2&#8243; _module_preset=&#8221;default&#8221; global_colors_info=&#8221;{}&#8221;][\/wdcl_image_carousel_child][wdcl_image_carousel_child photo=&#8221;https:\/\/museksschoulhesper.lu\/wp-content\/uploads\/2023\/04\/Musikkurse-Blechblaeser-blau.jpg&#8221; _builder_version=&#8221;4.20.2&#8243; _module_preset=&#8221;default&#8221; global_colors_info=&#8221;{}&#8221;][\/wdcl_image_carousel_child][wdcl_image_carousel_child photo=&#8221;https:\/\/museksschoulhesper.lu\/wp-content\/uploads\/2023\/04\/Musikkurse-drums.jpg&#8221; _builder_version=&#8221;4.20.2&#8243; _module_preset=&#8221;default&#8221; global_colors_info=&#8221;{}&#8221;][\/wdcl_image_carousel_child][wdcl_image_carousel_child photo=&#8221;https:\/\/museksschoulhesper.lu\/wp-content\/uploads\/2023\/04\/Orgel-Musikkurs.jpg&#8221; _builder_version=&#8221;4.20.2&#8243; _module_preset=&#8221;default&#8221; global_colors_info=&#8221;{}&#8221;][\/wdcl_image_carousel_child][wdcl_image_carousel_child photo=&#8221;https:\/\/museksschoulhesper.lu\/wp-content\/uploads\/2023\/04\/Klavier-Musikkurse.jpg&#8221; _builder_version=&#8221;4.20.2&#8243; _module_preset=&#8221;default&#8221; global_colors_info=&#8221;{}&#8221;][\/wdcl_image_carousel_child][wdcl_image_carousel_child photo=&#8221;https:\/\/museksschoulhesper.lu\/wp-content\/uploads\/2023\/04\/Musikkurse-Gesang-blau.jpg&#8221; _builder_version=&#8221;4.20.2&#8243; _module_preset=&#8221;default&#8221; global_colors_info=&#8221;{}&#8221;][\/wdcl_image_carousel_child][\/wdcl_image_carousel][\/et_pb_column][\/et_pb_row][et_pb_row _builder_version=&#8221;4.20.2&#8243; _module_preset=&#8221;default&#8221; global_colors_info=&#8221;{}&#8221;][et_pb_column type=&#8221;4_4&#8243; _builder_version=&#8221;4.20.2&#8243; _module_preset=&#8221;default&#8221; global_colors_info=&#8221;{}&#8221;][et_pb_text _builder_version=&#8221;4.20.2&#8243; _module_preset=&#8221;default&#8221; text_font=&#8221;PT Sans||||||||&#8221; text_font_size=&#8221;18px&#8221; header_2_font=&#8221;PT Sans|700|||||||&#8221; header_2_text_align=&#8221;center&#8221; header_2_font_size=&#8221;50px&#8221; text_orientation=&#8221;center&#8221; global_colors_info=&#8221;{}&#8221;]<\/p>\n<h2 class=\"title-heading-center fusion-responsive-typography-calculated\">Museksschoul Hesper \u2013 wou Musek M\u00ebnsche verb\u00ebnnt<\/h2>\n<p>[\/et_pb_text][\/et_pb_column][\/et_pb_row][\/et_pb_section][et_pb_section fb_built=&#8221;1&#8243; _builder_version=&#8221;4.20.2&#8243; _module_preset=&#8221;default&#8221; custom_padding=&#8221;16px|||||&#8221; global_colors_info=&#8221;{}&#8221;][et_pb_row column_structure=&#8221;1_2,1_2&#8243; make_equal=&#8221;on&#8221; module_id=&#8221;Musiktheorie&#8221; _builder_version=&#8221;4.20.2&#8243; _module_preset=&#8221;default&#8221; custom_padding=&#8221;||45px|||&#8221; global_colors_info=&#8221;{}&#8221;][et_pb_column type=&#8221;1_2&#8243; _builder_version=&#8221;4.20.2&#8243; _module_preset=&#8221;default&#8221; global_colors_info=&#8221;{}&#8221;][et_pb_text _builder_version=&#8221;4.20.2&#8243; _module_preset=&#8221;default&#8221; text_font=&#8221;PT Sans||||||||&#8221; text_font_size=&#8221;18px&#8221; text_orientation_tablet=&#8221;&#8221; text_orientation_phone=&#8221;center&#8221; text_orientation_last_edited=&#8221;on|phone&#8221; global_colors_info=&#8221;{}&#8221;]<\/p>\n<p>Musek verb\u00ebnnt M\u00ebnschen, egal aus wat fir engem Land se kommen oder wat fir eng Sprooch se schw\u00e4tzen. Musek ka jidderee lauschteren, \u00ebmmer an iwwerall. Musek besteet net n\u00ebmmen aus Text, m\u00e4 och aus Rhythmus, Fantasie an Emotiounen. Alles dat m\u00e9cht d\u2019Musek aus, d\u00e9i d\u2019M\u00ebnsche matenee verb\u00ebnnt.   <\/p>\n<p>Musek pr\u00e4\u00e4gt eist Liewen a begleet eis op eng ganz villf\u00e4lteg Aart a Weis duerch den Alldag. D\u2019Museksschoul Hesper bitt alle Kanner, Jugendlechen an Erwuessenen d\u2019M\u00e9iglechkeet, <span> <\/span><strong> hir Freed un der Musek auszeliewen,<\/strong><span> <\/span><strong> en Instrument spillen ze l\u00e9ieren oder hir Gesangsst\u00ebmm ze entdecken.<\/strong><\/p>\n<p>[\/et_pb_text][\/et_pb_column][et_pb_column type=&#8221;1_2&#8243; _builder_version=&#8221;4.20.2&#8243; _module_preset=&#8221;default&#8221; custom_css_main_element=&#8221;display: flex;||justify-content: center;||flex-direction:column;&#8221; global_colors_info=&#8221;{}&#8221;][et_pb_text _builder_version=&#8221;4.20.2&#8243; _module_preset=&#8221;default&#8221; header_2_font=&#8221;Caveat||||||||&#8221; header_2_font_size=&#8221;35px&#8221; text_orientation=&#8221;center&#8221; global_colors_info=&#8221;{}&#8221;]<\/p>\n<h2><span>\u201cDie Musik ist die Sprache der Leidenschaft\u201d<\/span><\/h2>\n<h2><span>Richard Wagner<\/span><\/h2>\n<p>[\/et_pb_text][\/et_pb_column][\/et_pb_row][et_pb_row _builder_version=&#8221;4.20.2&#8243; _module_preset=&#8221;default&#8221;][et_pb_column _builder_version=&#8221;4.20.2&#8243; _module_preset=&#8221;default&#8221; type=&#8221;4_4&#8243;][et_pb_video src=&#8221;https:\/\/vimeo.com\/1090735994?share=copy#t=0&#8243; _builder_version=&#8221;4.20.2&#8243; _module_preset=&#8221;default&#8221; hover_enabled=&#8221;0&#8243; sticky_enabled=&#8221;0&#8243;][\/et_pb_video][\/et_pb_column][\/et_pb_row][et_pb_row column_structure=&#8221;1_4,1_4,1_2&#8243; use_custom_gutter=&#8221;on&#8221; gutter_width=&#8221;1&#8243; make_equal=&#8221;on&#8221; _builder_version=&#8221;4.20.2&#8243; _module_preset=&#8221;default&#8221; global_colors_info=&#8221;{}&#8221;][et_pb_column type=&#8221;1_4&#8243; _builder_version=&#8221;4.20.2&#8243; _module_preset=&#8221;default&#8221; background_enable_color=&#8221;off&#8221; custom_css_main_element=&#8221;display: flex;||justify-content: center;||flex-direction:column;&#8221; global_colors_info=&#8221;{}&#8221;][et_pb_text _builder_version=&#8221;4.20.2&#8243; _module_preset=&#8221;default&#8221; header_2_font=&#8221;Caveat||||||||&#8221; header_2_text_align=&#8221;center&#8221; header_2_text_color=&#8221;#FFFFFF&#8221; header_2_font_size=&#8221;35px&#8221; background_enable_color=&#8221;off&#8221; background_image=&#8221;https:\/\/museksschoulhesper.lu\/wp-content\/uploads\/2023\/04\/3.png&#8221; max_width=&#8221;100%&#8221; height=&#8221;190px&#8221; max_height=&#8221;1000px&#8221; link_option_url=&#8221;https:\/\/museksschoulhesper.lu\/lb-lu\/unsere-musiklehrer\/&#8221; custom_css_main_element=&#8221;display: flex;||justify-content: center;||flex-direction:column;&#8221; header_2_text_shadow_style=&#8221;preset1&#8243; header_2_text_shadow_blur_strength=&#8221;0.09em&#8221; header_2_text_shadow_color=&#8221;#000000&#8243; global_colors_info=&#8221;{}&#8221;]<\/p>\n<h2>Eis Museksproffen<\/h2>\n<p>[\/et_pb_text][et_pb_text _builder_version=&#8221;4.20.2&#8243; _module_preset=&#8221;default&#8221; header_2_font=&#8221;Caveat||||||||&#8221; header_2_text_align=&#8221;center&#8221; header_2_text_color=&#8221;#FFFFFF&#8221; header_2_font_size=&#8221;35px&#8221; background_enable_color=&#8221;off&#8221; background_image=&#8221;https:\/\/museksschoulhesper.lu\/wp-content\/uploads\/2023\/04\/1.png&#8221; max_width=&#8221;100%&#8221; height=&#8221;190px&#8221; max_height=&#8221;1000px&#8221; link_option_url=&#8221;https:\/\/museksschoulhesper.lu\/lb-lu\/geschichte\/&#8221; custom_css_main_element=&#8221;display: flex;||justify-content: center;||flex-direction:column;&#8221; header_2_text_shadow_style=&#8221;preset1&#8243; header_2_text_shadow_blur_strength=&#8221;0.09em&#8221; header_2_text_shadow_color=&#8221;#000000&#8243; global_colors_info=&#8221;{}&#8221;]<\/p>\n<h2>Eis Geschicht<\/h2>\n<p>[\/et_pb_text][\/et_pb_column][et_pb_column type=&#8221;1_4&#8243; _builder_version=&#8221;4.20.2&#8243; _module_preset=&#8221;default&#8221; background_enable_color=&#8221;off&#8221; custom_css_main_element=&#8221;display: flex;||justify-content: center;||flex-direction:column;&#8221; global_colors_info=&#8221;{}&#8221;][et_pb_text _builder_version=&#8221;4.20.2&#8243; _module_preset=&#8221;default&#8221; header_2_font=&#8221;Caveat||||||||&#8221; header_2_text_align=&#8221;center&#8221; header_2_text_color=&#8221;#FFFFFF&#8221; header_2_font_size=&#8221;35px&#8221; background_enable_color=&#8221;off&#8221; background_image=&#8221;https:\/\/museksschoulhesper.lu\/wp-content\/uploads\/2023\/04\/2.png&#8221; max_width=&#8221;100%&#8221; height=&#8221;190px&#8221; max_height=&#8221;1000px&#8221; link_option_url=&#8221;https:\/\/museksschoulhesper.lu\/lb-lu\/direktioun-a-sekretariat\/&#8221; custom_css_main_element=&#8221;display: flex;||justify-content: center;||flex-direction:column;&#8221; header_2_text_shadow_style=&#8221;preset1&#8243; header_2_text_shadow_blur_strength=&#8221;0.09em&#8221; header_2_text_shadow_color=&#8221;#000000&#8243; global_colors_info=&#8221;{}&#8221;]<\/p>\n<h2>Direktioun a Sekretariat<\/h2>\n<p>[\/et_pb_text][et_pb_text _builder_version=&#8221;4.20.2&#8243; _module_preset=&#8221;default&#8221; header_2_font=&#8221;Caveat||||||||&#8221; header_2_text_align=&#8221;center&#8221; header_2_text_color=&#8221;#FFFFFF&#8221; header_2_font_size=&#8221;35px&#8221; background_enable_color=&#8221;off&#8221; background_image=&#8221;https:\/\/museksschoulhesper.lu\/wp-content\/uploads\/2023\/04\/4.png&#8221; max_width=&#8221;100%&#8221; height=&#8221;190px&#8221; max_height=&#8221;1000px&#8221; link_option_url=&#8221;https:\/\/museksschoulhesper.lu\/lb-lu\/partner-a-frenn\/&#8221; custom_css_main_element=&#8221;display: flex;||justify-content: center;||flex-direction:column;&#8221; header_2_text_shadow_style=&#8221;preset1&#8243; header_2_text_shadow_blur_strength=&#8221;0.09em&#8221; header_2_text_shadow_color=&#8221;#000000&#8243; global_colors_info=&#8221;{}&#8221; max_height__hover_enabled=&#8221;off|desktop&#8221;]<\/p>\n<h2>Eis Partner<\/h2>\n<p>[\/et_pb_text][\/et_pb_column][et_pb_column type=&#8221;1_2&#8243; _builder_version=&#8221;4.20.2&#8243; _module_preset=&#8221;default&#8221; global_colors_info=&#8221;{}&#8221;][et_pb_text _builder_version=&#8221;4.20.2&#8243; _module_preset=&#8221;default&#8221; text_font=&#8221;PT Sans||||||||&#8221; text_font_size=&#8221;18px&#8221; custom_margin_tablet=&#8221;&#8221; custom_margin_phone=&#8221;37px||||false|false&#8221; custom_margin_last_edited=&#8221;on|phone&#8221; custom_padding=&#8221;|||40px|false|false&#8221; custom_padding_tablet=&#8221;|||40px|false|false&#8221; custom_padding_phone=&#8221;|||0px|false|false&#8221; custom_padding_last_edited=&#8221;on|phone&#8221; text_orientation_tablet=&#8221;&#8221; text_orientation_phone=&#8221;center&#8221; text_orientation_last_edited=&#8221;on|phone&#8221; global_colors_info=&#8221;{}&#8221;]<\/p>\n<p>Musiz\u00e9iere st\u00e4erkt<span> <\/span><strong>Eegenschafte w\u00e9i Kreativit\u00e9it, Selbstbewosstsinn an Eegeverantwortung an och Teamf\u00e4egkeet.<\/strong> Den Erfolleg, deen eis Sch\u00fcler hunn, schw\u00e4tzt fir sech. Dir k\u00ebnnt Iech drop verloossen: Och an Zukunft bidde mir Iech an der Museksschoul Hesper eng h\u00e9ichqualitativ, breetgef\u00e4chert Offer mat ausgezeechent ausgebilte L\u00e9ierkr\u00e4ften un.<\/p>\n<p>\u00c4r Ekipp vun der Museksschoul Hesper,<br \/>Diane Adehm, Kulturbeoptraagte fir de Ber\u00e4ich Museksschoul,<br \/>a Buergermeeschter Marc Lies<\/p>\n<p>[\/et_pb_text][\/et_pb_column][\/et_pb_row][\/et_pb_section]<\/p>\n","protected":false},"excerpt":{"rendered":"<p><div class=\"et_pb_module wdcl_image_carousel wdcl_image_carousel_0\">\n\t\t\t\t\n\t\t\t\t\n\t\t\t\t\n\t\t\t\t\n\t\t\t\t\n\t\t\t\t\n\t\t\t\t<div class=\"et_pb_module_inner\">\n\t\t\t\t\t<div dir=\"ltr\" class=\"dcm-container dcm-carousel-maker dcm-lightbox-disabled\" data-pagi=\"false\"\n\t\t\tdata-pagi-tablet=\"false\"\n\t\t\tdata-pagi-phone=\"false\"\n\t\t\tdata-nav=\"false\"\n\t\t\tdata-nav-tablet=\"false\"\n\t\t\tdata-nav-phone=\"false\"\n\t\t\tdata-autoplay=\"on\"\n\t\t\tdata-autoplay-speed=\"3000ms\"\n\t\t\tdata-speed=\"700ms\"\n\t\t\tdata-slides=\"5\"\n\t\t\tdata-slides-tablet=\"5\"\n\t\t\tdata-slides-phone=\"5\"\n\t\t\tdata-center=\"off\"\n\t\t\tdata-center-mode-type=\"classic\"\n\t\t\tdata-center-padding=\"70px||\"\n\t\t\tdata-vertical=\"off\"\n\t\t\tdata-icon-left=\"4\"\n\t\t\tdata-icon-right=\"5\"\n\t\t\tdata-infinite=\"on\"\n\t\t\tdata-variable-width=\"off\"\n\t\t\tdata-auto-height=\"off\"\n\t\t\tdata-items-scroll=\"1||\"\n\t\t\tdata-fade=\"off\"\n\t\t\tdata-dir=\"ltr\">\n                <div class=\"wdcl_image_carousel_child wdcl_image_carousel_child_0 wdc_et_pb_module\">\n\t\t\t\t\n\t\t\t\t\n\t\t\t\t\n\t\t\t\t\n\t\t\t\t\n\t\t\t\t\n\t\t\t\t<div class=\"et_pb_module_inner\">\n\t\t\t\t\t<div class=\"dcm-carousel-item dcm-image-swap dcm-hover--none\">\n\t\t\t\t<figure class=\"dcm-lightbox-ctrl\">\n\t\t\t\t<div class=\"dcm-overlay\" data-icon=\"\"><\/div>\n\t\t\t\t<img decoding=\"async\" class=\"dcm-main-img\" data-mfp-src=\"https:\/\/museksschoulhesper.lu\/wp-content\/uploads\/2023\/04\/Streichinstrumente-Musikkurse-blau.jpg\" src=\"https:\/\/museksschoulhesper.lu\/wp-content\/uploads\/2023\/04\/Streichinstrumente-Musikkurse-blau.jpg\" alt=\"\"\/>\n            <\/figure> \n\t\t\t<\/div>\n\t\t\t\t<\/div>\n\t\t\t<\/div><div class=\"wdcl_image_carousel_child wdcl_image_carousel_child_1 wdc_et_pb_module\">\n\t\t\t\t\n\t\t\t\t\n\t\t\t\t\n\t\t\t\t\n\t\t\t\t\n\t\t\t\t\n\t\t\t\t<div class=\"et_pb_module_inner\">\n\t\t\t\t\t<div class=\"dcm-carousel-item dcm-image-swap dcm-hover--none\">\n\t\t\t\t<figure class=\"dcm-lightbox-ctrl\">\n\t\t\t\t<div class=\"dcm-overlay\" data-icon=\"\"><\/div>\n\t\t\t\t<img decoding=\"async\" class=\"dcm-main-img\" data-mfp-src=\"https:\/\/museksschoulhesper.lu\/wp-content\/uploads\/2023\/04\/Musikkurse-Blechblaeser-rot.jpg\" src=\"https:\/\/museksschoulhesper.lu\/wp-content\/uploads\/2023\/04\/Musikkurse-Blechblaeser-rot.jpg\" alt=\"\"\/>\n            <\/figure> \n\t\t\t<\/div>\n\t\t\t\t<\/div>\n\t\t\t<\/div><div class=\"wdcl_image_carousel_child wdcl_image_carousel_child_2 wdc_et_pb_module\">\n\t\t\t\t\n\t\t\t\t\n\t\t\t\t\n\t\t\t\t\n\t\t\t\t\n\t\t\t\t\n\t\t\t\t<div class=\"et_pb_module_inner\">\n\t\t\t\t\t<div class=\"dcm-carousel-item dcm-image-swap dcm-hover--none\">\n\t\t\t\t<figure class=\"dcm-lightbox-ctrl\">\n\t\t\t\t<div class=\"dcm-overlay\" data-icon=\"\"><\/div>\n\t\t\t\t<img decoding=\"async\" class=\"dcm-main-img\" data-mfp-src=\"https:\/\/museksschoulhesper.lu\/wp-content\/uploads\/2023\/04\/Musikkurse-Blechblaeser-blau.jpg\" src=\"https:\/\/museksschoulhesper.lu\/wp-content\/uploads\/2023\/04\/Musikkurse-Blechblaeser-blau.jpg\" alt=\"\"\/>\n            <\/figure> \n\t\t\t<\/div>\n\t\t\t\t<\/div>\n\t\t\t<\/div><div class=\"wdcl_image_carousel_child wdcl_image_carousel_child_3 wdc_et_pb_module\">\n\t\t\t\t\n\t\t\t\t\n\t\t\t\t\n\t\t\t\t\n\t\t\t\t\n\t\t\t\t\n\t\t\t\t<div class=\"et_pb_module_inner\">\n\t\t\t\t\t<div class=\"dcm-carousel-item dcm-image-swap dcm-hover--none\">\n\t\t\t\t<figure class=\"dcm-lightbox-ctrl\">\n\t\t\t\t<div class=\"dcm-overlay\" data-icon=\"\"><\/div>\n\t\t\t\t<img decoding=\"async\" class=\"dcm-main-img\" data-mfp-src=\"https:\/\/museksschoulhesper.lu\/wp-content\/uploads\/2023\/04\/Musikkurse-drums.jpg\" src=\"https:\/\/museksschoulhesper.lu\/wp-content\/uploads\/2023\/04\/Musikkurse-drums.jpg\" alt=\"\"\/>\n            <\/figure> \n\t\t\t<\/div>\n\t\t\t\t<\/div>\n\t\t\t<\/div><div class=\"wdcl_image_carousel_child wdcl_image_carousel_child_4 wdc_et_pb_module\">\n\t\t\t\t\n\t\t\t\t\n\t\t\t\t\n\t\t\t\t\n\t\t\t\t\n\t\t\t\t\n\t\t\t\t<div class=\"et_pb_module_inner\">\n\t\t\t\t\t<div class=\"dcm-carousel-item dcm-image-swap dcm-hover--none\">\n\t\t\t\t<figure class=\"dcm-lightbox-ctrl\">\n\t\t\t\t<div class=\"dcm-overlay\" data-icon=\"\"><\/div>\n\t\t\t\t<img decoding=\"async\" class=\"dcm-main-img\" data-mfp-src=\"https:\/\/museksschoulhesper.lu\/wp-content\/uploads\/2023\/04\/Orgel-Musikkurs.jpg\" src=\"https:\/\/museksschoulhesper.lu\/wp-content\/uploads\/2023\/04\/Orgel-Musikkurs.jpg\" alt=\"\"\/>\n            <\/figure> \n\t\t\t<\/div>\n\t\t\t\t<\/div>\n\t\t\t<\/div><div class=\"wdcl_image_carousel_child wdcl_image_carousel_child_5 wdc_et_pb_module\">\n\t\t\t\t\n\t\t\t\t\n\t\t\t\t\n\t\t\t\t\n\t\t\t\t\n\t\t\t\t\n\t\t\t\t<div class=\"et_pb_module_inner\">\n\t\t\t\t\t<div class=\"dcm-carousel-item dcm-image-swap dcm-hover--none\">\n\t\t\t\t<figure class=\"dcm-lightbox-ctrl\">\n\t\t\t\t<div class=\"dcm-overlay\" data-icon=\"\"><\/div>\n\t\t\t\t<img decoding=\"async\" class=\"dcm-main-img\" data-mfp-src=\"https:\/\/museksschoulhesper.lu\/wp-content\/uploads\/2023\/04\/Klavier-Musikkurse.jpg\" src=\"https:\/\/museksschoulhesper.lu\/wp-content\/uploads\/2023\/04\/Klavier-Musikkurse.jpg\" alt=\"\"\/>\n            <\/figure> \n\t\t\t<\/div>\n\t\t\t\t<\/div>\n\t\t\t<\/div><div class=\"wdcl_image_carousel_child wdcl_image_carousel_child_6 wdc_et_pb_module\">\n\t\t\t\t\n\t\t\t\t\n\t\t\t\t\n\t\t\t\t\n\t\t\t\t\n\t\t\t\t\n\t\t\t\t<div class=\"et_pb_module_inner\">\n\t\t\t\t\t<div class=\"dcm-carousel-item dcm-image-swap dcm-hover--none\">\n\t\t\t\t<figure class=\"dcm-lightbox-ctrl\">\n\t\t\t\t<div class=\"dcm-overlay\" data-icon=\"\"><\/div>\n\t\t\t\t<img decoding=\"async\" class=\"dcm-main-img\" data-mfp-src=\"https:\/\/museksschoulhesper.lu\/wp-content\/uploads\/2023\/04\/Musikkurse-Gesang-blau.jpg\" src=\"https:\/\/museksschoulhesper.lu\/wp-content\/uploads\/2023\/04\/Musikkurse-Gesang-blau.jpg\" alt=\"\"\/>\n            <\/figure> \n\t\t\t<\/div>\n\t\t\t\t<\/div>\n\t\t\t<\/div>\n            <\/div>\n\t\t\t\t<\/div>\n\t\t\t<\/div>Museksschoul Hesper \u2013 wou Musek M\u00ebnsche verb\u00ebnntMusek verb\u00ebnnt M\u00ebnschen, egal aus wat fir engem Land se kommen oder wat fir [&hellip;]<\/p>\n","protected":false},"author":1,"featured_media":0,"parent":0,"menu_order":0,"comment_status":"closed","ping_status":"closed","template":"","meta":{"_et_pb_use_builder":"on","_et_pb_old_content":"","_et_gb_content_width":"","footnotes":""},"class_list":["post-1956","page","type-page","status-publish","hentry"],"yoast_head":"<!-- This site is optimized with the Yoast SEO plugin v20.6 - https:\/\/yoast.com\/wordpress\/plugins\/seo\/ -->\n<title>D&#039;Schoul - museksschoulhesper.lu<\/title>\n<meta name=\"description\" content=\"Alles iwwert d\u2019Hesper Museksschoul: D\u2019Schoul, hir Geschicht, d\u2019Proffen an \u00c4r Uspriechpartner.\" \/>\n<meta name=\"robots\" content=\"index, follow, max-snippet:-1, max-image-preview:large, max-video-preview:-1\" \/>\n<link rel=\"canonical\" href=\"https:\/\/museksschoulhesper.lu\/lb-lu\/die-schule\/\" \/>\n<meta property=\"og:locale\" content=\"en_US\" \/>\n<meta property=\"og:type\" content=\"article\" \/>\n<meta property=\"og:title\" content=\"D&#039;Schoul - museksschoulhesper.lu\" \/>\n<meta property=\"og:description\" content=\"Alles iwwert d\u2019Hesper Museksschoul: D\u2019Schoul, hir Geschicht, d\u2019Proffen an \u00c4r Uspriechpartner.\" \/>\n<meta property=\"og:url\" content=\"https:\/\/museksschoulhesper.lu\/lb-lu\/die-schule\/\" \/>\n<meta property=\"og:site_name\" content=\"museksschoulhesper.lu\" \/>\n<meta property=\"article:modified_time\" content=\"2025-08-31T14:22:21+00:00\" \/>\n<meta name=\"twitter:card\" content=\"summary_large_image\" \/>\n<meta name=\"twitter:label1\" content=\"Est. reading time\" \/>\n\t<meta name=\"twitter:data1\" content=\"3 minutes\" \/>\n<script type=\"application\/ld+json\" class=\"yoast-schema-graph\">{\"@context\":\"https:\/\/schema.org\",\"@graph\":[{\"@type\":\"WebPage\",\"@id\":\"https:\/\/museksschoulhesper.lu\/lb-lu\/die-schule\/\",\"url\":\"https:\/\/museksschoulhesper.lu\/lb-lu\/die-schule\/\",\"name\":\"D'Schoul - museksschoulhesper.lu\",\"isPartOf\":{\"@id\":\"https:\/\/museksschoulhesper.lu\/#website\"},\"datePublished\":\"2023-04-10T13:32:31+00:00\",\"dateModified\":\"2025-08-31T14:22:21+00:00\",\"description\":\"Alles iwwert d\u2019Hesper Museksschoul: D\u2019Schoul, hir Geschicht, d\u2019Proffen an \u00c4r Uspriechpartner.\",\"breadcrumb\":{\"@id\":\"https:\/\/museksschoulhesper.lu\/lb-lu\/die-schule\/#breadcrumb\"},\"inLanguage\":\"lb-LU\",\"potentialAction\":[{\"@type\":\"ReadAction\",\"target\":[\"https:\/\/museksschoulhesper.lu\/lb-lu\/die-schule\/\"]}]},{\"@type\":\"BreadcrumbList\",\"@id\":\"https:\/\/museksschoulhesper.lu\/lb-lu\/die-schule\/#breadcrumb\",\"itemListElement\":[{\"@type\":\"ListItem\",\"position\":1,\"name\":\"Startseite\",\"item\":\"https:\/\/museksschoulhesper.lu\/lb-lu\/\"},{\"@type\":\"ListItem\",\"position\":2,\"name\":\"D&#8217;Schoul\"}]},{\"@type\":\"WebSite\",\"@id\":\"https:\/\/museksschoulhesper.lu\/#website\",\"url\":\"https:\/\/museksschoulhesper.lu\/\",\"name\":\"museksschoulhesper.lu\",\"description\":\"\",\"potentialAction\":[{\"@type\":\"SearchAction\",\"target\":{\"@type\":\"EntryPoint\",\"urlTemplate\":\"https:\/\/museksschoulhesper.lu\/?s={search_term_string}\"},\"query-input\":\"required name=search_term_string\"}],\"inLanguage\":\"lb-LU\"}]}<\/script>\n<!-- \/ Yoast SEO plugin. -->","yoast_head_json":{"title":"D'Schoul - museksschoulhesper.lu","description":"Alles iwwert d\u2019Hesper Museksschoul: D\u2019Schoul, hir Geschicht, d\u2019Proffen an \u00c4r Uspriechpartner.","robots":{"index":"index","follow":"follow","max-snippet":"max-snippet:-1","max-image-preview":"max-image-preview:large","max-video-preview":"max-video-preview:-1"},"canonical":"https:\/\/museksschoulhesper.lu\/lb-lu\/die-schule\/","og_locale":"en_US","og_type":"article","og_title":"D'Schoul - museksschoulhesper.lu","og_description":"Alles iwwert d\u2019Hesper Museksschoul: D\u2019Schoul, hir Geschicht, d\u2019Proffen an \u00c4r Uspriechpartner.","og_url":"https:\/\/museksschoulhesper.lu\/lb-lu\/die-schule\/","og_site_name":"museksschoulhesper.lu","article_modified_time":"2025-08-31T14:22:21+00:00","twitter_card":"summary_large_image","twitter_misc":{"Est. reading time":"3 minutes"},"schema":{"@context":"https:\/\/schema.org","@graph":[{"@type":"WebPage","@id":"https:\/\/museksschoulhesper.lu\/lb-lu\/die-schule\/","url":"https:\/\/museksschoulhesper.lu\/lb-lu\/die-schule\/","name":"D'Schoul - museksschoulhesper.lu","isPartOf":{"@id":"https:\/\/museksschoulhesper.lu\/#website"},"datePublished":"2023-04-10T13:32:31+00:00","dateModified":"2025-08-31T14:22:21+00:00","description":"Alles iwwert d\u2019Hesper Museksschoul: D\u2019Schoul, hir Geschicht, d\u2019Proffen an \u00c4r Uspriechpartner.","breadcrumb":{"@id":"https:\/\/museksschoulhesper.lu\/lb-lu\/die-schule\/#breadcrumb"},"inLanguage":"lb-LU","potentialAction":[{"@type":"ReadAction","target":["https:\/\/museksschoulhesper.lu\/lb-lu\/die-schule\/"]}]},{"@type":"BreadcrumbList","@id":"https:\/\/museksschoulhesper.lu\/lb-lu\/die-schule\/#breadcrumb","itemListElement":[{"@type":"ListItem","position":1,"name":"Startseite","item":"https:\/\/museksschoulhesper.lu\/lb-lu\/"},{"@type":"ListItem","position":2,"name":"D&#8217;Schoul"}]},{"@type":"WebSite","@id":"https:\/\/museksschoulhesper.lu\/#website","url":"https:\/\/museksschoulhesper.lu\/","name":"museksschoulhesper.lu","description":"","potentialAction":[{"@type":"SearchAction","target":{"@type":"EntryPoint","urlTemplate":"https:\/\/museksschoulhesper.lu\/?s={search_term_string}"},"query-input":"required name=search_term_string"}],"inLanguage":"lb-LU"}]}},"_links":{"self":[{"href":"https:\/\/museksschoulhesper.lu\/lb-lu\/wp-json\/wp\/v2\/pages\/1956","targetHints":{"allow":["GET"]}}],"collection":[{"href":"https:\/\/museksschoulhesper.lu\/lb-lu\/wp-json\/wp\/v2\/pages"}],"about":[{"href":"https:\/\/museksschoulhesper.lu\/lb-lu\/wp-json\/wp\/v2\/types\/page"}],"author":[{"embeddable":true,"href":"https:\/\/museksschoulhesper.lu\/lb-lu\/wp-json\/wp\/v2\/users\/1"}],"replies":[{"embeddable":true,"href":"https:\/\/museksschoulhesper.lu\/lb-lu\/wp-json\/wp\/v2\/comments?post=1956"}],"version-history":[{"count":11,"href":"https:\/\/museksschoulhesper.lu\/lb-lu\/wp-json\/wp\/v2\/pages\/1956\/revisions"}],"predecessor-version":[{"id":7478,"href":"https:\/\/museksschoulhesper.lu\/lb-lu\/wp-json\/wp\/v2\/pages\/1956\/revisions\/7478"}],"wp:attachment":[{"href":"https:\/\/museksschoulhesper.lu\/lb-lu\/wp-json\/wp\/v2\/media?parent=1956"}],"curies":[{"name":"wp","href":"https:\/\/api.w.org\/{rel}","templated":true}]}}