{"id":1694,"date":"2023-04-10T19:42:13","date_gmt":"2023-04-10T17:42:13","guid":{"rendered":"https:\/\/museksschoulhesper.lu\/partenaires-et-amis\/"},"modified":"2023-05-21T12:35:55","modified_gmt":"2023-05-21T10:35:55","slug":"partenaires-et-amis","status":"publish","type":"page","link":"https:\/\/museksschoulhesper.lu\/fr\/partenaires-et-amis\/","title":{"rendered":"Partenaires et amis"},"content":{"rendered":"<p>[et_pb_section fb_built=\u00a0\u00bb1&Prime; _builder_version=\u00a0\u00bb4.20.2&Prime; _module_preset=\u00a0\u00bbdefault\u00a0\u00bb custom_padding=\u00a0\u00bb0px||0px||false|false\u00a0\u00bb global_colors_info=\u00a0\u00bb{}\u00a0\u00bb][et_pb_row _builder_version=\u00a0\u00bb4.20.2&Prime; _module_preset=\u00a0\u00bbdefault\u00a0\u00bb width=\u00a0\u00bb100%\u00a0\u00bb max_width=\u00a0\u00bb100%\u00a0\u00bb global_colors_info=\u00a0\u00bb{}\u00a0\u00bb][et_pb_column type=\u00a0\u00bb4_4&Prime; _builder_version=\u00a0\u00bb4.20.2&Prime; _module_preset=\u00a0\u00bbdefault\u00a0\u00bb global_colors_info=\u00a0\u00bb{}\u00a0\u00bb][wdcl_image_carousel autoplay_speed=\u00a0\u00bb3000ms\u00a0\u00bb nav_pagi=\u00a0\u00bbnone\u00a0\u00bb slide_count=\u00a0\u00bb5&Prime; slide_spacing=\u00a0\u00bb0px\u00a0\u00bb _builder_version=\u00a0\u00bb4.20.2&Prime; _module_preset=\u00a0\u00bbdefault\u00a0\u00bb global_colors_info=\u00a0\u00bb{}\u00a0\u00bb][wdcl_image_carousel_child photo=\u00a0\u00bbhttps:\/\/museksschoulhesper.lu\/wp-content\/uploads\/2023\/04\/Streichinstrumente-Musikkurse-blau.jpg\u00a0\u00bb _builder_version=\u00a0\u00bb4.20.2&Prime; _module_preset=\u00a0\u00bbdefault\u00a0\u00bb global_colors_info=\u00a0\u00bb{}\u00a0\u00bb][\/wdcl_image_carousel_child][wdcl_image_carousel_child photo=\u00a0\u00bbhttps:\/\/museksschoulhesper.lu\/wp-content\/uploads\/2023\/04\/Musikkurse-Blechblaeser-rot.jpg\u00a0\u00bb _builder_version=\u00a0\u00bb4.20.2&Prime; _module_preset=\u00a0\u00bbdefault\u00a0\u00bb global_colors_info=\u00a0\u00bb{}\u00a0\u00bb][\/wdcl_image_carousel_child][wdcl_image_carousel_child photo=\u00a0\u00bbhttps:\/\/museksschoulhesper.lu\/wp-content\/uploads\/2023\/04\/Musikkurse-Blechblaeser-blau.jpg\u00a0\u00bb _builder_version=\u00a0\u00bb4.20.2&Prime; _module_preset=\u00a0\u00bbdefault\u00a0\u00bb global_colors_info=\u00a0\u00bb{}\u00a0\u00bb][\/wdcl_image_carousel_child][wdcl_image_carousel_child photo=\u00a0\u00bbhttps:\/\/museksschoulhesper.lu\/wp-content\/uploads\/2023\/04\/Musikkurse-drums.jpg\u00a0\u00bb _builder_version=\u00a0\u00bb4.20.2&Prime; _module_preset=\u00a0\u00bbdefault\u00a0\u00bb global_colors_info=\u00a0\u00bb{}\u00a0\u00bb][\/wdcl_image_carousel_child][wdcl_image_carousel_child photo=\u00a0\u00bbhttps:\/\/museksschoulhesper.lu\/wp-content\/uploads\/2023\/04\/Orgel-Musikkurs.jpg\u00a0\u00bb _builder_version=\u00a0\u00bb4.20.2&Prime; _module_preset=\u00a0\u00bbdefault\u00a0\u00bb global_colors_info=\u00a0\u00bb{}\u00a0\u00bb][\/wdcl_image_carousel_child][wdcl_image_carousel_child photo=\u00a0\u00bbhttps:\/\/museksschoulhesper.lu\/wp-content\/uploads\/2023\/04\/Klavier-Musikkurse.jpg\u00a0\u00bb _builder_version=\u00a0\u00bb4.20.2&Prime; _module_preset=\u00a0\u00bbdefault\u00a0\u00bb global_colors_info=\u00a0\u00bb{}\u00a0\u00bb][\/wdcl_image_carousel_child][wdcl_image_carousel_child photo=\u00a0\u00bbhttps:\/\/museksschoulhesper.lu\/wp-content\/uploads\/2023\/04\/Musikkurse-Gesang-blau.jpg\u00a0\u00bb _builder_version=\u00a0\u00bb4.20.2&Prime; _module_preset=\u00a0\u00bbdefault\u00a0\u00bb global_colors_info=\u00a0\u00bb{}\u00a0\u00bb][\/wdcl_image_carousel_child][\/wdcl_image_carousel][\/et_pb_column][\/et_pb_row][et_pb_row _builder_version=\u00a0\u00bb4.20.2&Prime; _module_preset=\u00a0\u00bbdefault\u00a0\u00bb custom_padding=\u00a0\u00bb||0px|||\u00a0\u00bb global_colors_info=\u00a0\u00bb{}\u00a0\u00bb][et_pb_column type=\u00a0\u00bb4_4&Prime; _builder_version=\u00a0\u00bb4.20.2&Prime; _module_preset=\u00a0\u00bbdefault\u00a0\u00bb global_colors_info=\u00a0\u00bb{}\u00a0\u00bb][et_pb_text _builder_version=\u00a0\u00bb4.20.2&Prime; _module_preset=\u00a0\u00bbdefault\u00a0\u00bb text_font=\u00a0\u00bbPT Sans||||||||\u00a0\u00bb text_font_size=\u00a0\u00bb18px\u00a0\u00bb header_2_font=\u00a0\u00bbPT Sans|700|||||||\u00a0\u00bb header_2_text_align=\u00a0\u00bbcenter\u00a0\u00bb header_2_font_size=\u00a0\u00bb50px\u00a0\u00bb text_orientation=\u00a0\u00bbcenter\u00a0\u00bb global_colors_info=\u00a0\u00bb{}\u00a0\u00bb]<\/p>\n<h2 class=\"title-heading-center fusion-responsive-typography-calculated\">Partenaires et amis<\/h2>\n<p>[\/et_pb_text][\/et_pb_column][\/et_pb_row][\/et_pb_section][et_pb_section fb_built=\u00a0\u00bb1&Prime; _builder_version=\u00a0\u00bb4.20.2&Prime; _module_preset=\u00a0\u00bbdefault\u00a0\u00bb custom_padding=\u00a0\u00bb16px|||||\u00a0\u00bb global_colors_info=\u00a0\u00bb{}\u00a0\u00bb][et_pb_row make_equal=\u00a0\u00bbon\u00a0\u00bb module_id=\u00a0\u00bbMusiktheorie\u00a0\u00bb _builder_version=\u00a0\u00bb4.20.2&Prime; _module_preset=\u00a0\u00bbdefault\u00a0\u00bb custom_padding=\u00a0\u00bb2px||45px|||\u00a0\u00bb global_colors_info=\u00a0\u00bb{}\u00a0\u00bb][et_pb_column type=\u00a0\u00bb4_4&Prime; _builder_version=\u00a0\u00bb4.20.2&Prime; _module_preset=\u00a0\u00bbdefault\u00a0\u00bb global_colors_info=\u00a0\u00bb{}\u00a0\u00bb][et_pb_text _builder_version=\u00a0\u00bb4.20.2&Prime; _module_preset=\u00a0\u00bbdefault\u00a0\u00bb text_font=\u00a0\u00bbPT Sans||||||||\u00a0\u00bb text_font_size=\u00a0\u00bb18px\u00a0\u00bb text_orientation=\u00a0\u00bbcenter\u00a0\u00bb global_colors_info=\u00a0\u00bb{}\u00a0\u00bb]<\/p>\n<p><span>Rendez \u00e9galement visite \u00e0 nos amis et partenaires qui nous ont accompagn\u00e9s ces derni\u00e8res ann\u00e9es !<\/span><\/p>\n<p>[\/et_pb_text][\/et_pb_column][\/et_pb_row][et_pb_row column_structure=\u00a0\u00bb1_4,1_4,1_4,1_4&Prime; _builder_version=\u00a0\u00bb4.20.2&Prime; _module_preset=\u00a0\u00bbdefault\u00a0\u00bb global_colors_info=\u00a0\u00bb{}\u00a0\u00bb][et_pb_column type=\u00a0\u00bb1_4&Prime; _builder_version=\u00a0\u00bb4.20.2&Prime; _module_preset=\u00a0\u00bbdefault\u00a0\u00bb global_colors_info=\u00a0\u00bb{}\u00a0\u00bb][et_pb_image src=\u00a0\u00bbhttps:\/\/museksschoulhesper.lu\/wp-content\/uploads\/2023\/04\/Musikverein-Hesperingen.jpg\u00a0\u00bb title_text=\u00a0\u00bbMusikverein-Hesperingen\u00a0\u00bb url=\u00a0\u00bbhttps:\/\/www.hmhesper.lu\/home\u00a0\u00bb url_new_window=\u00a0\u00bbon\u00a0\u00bb align=\u00a0\u00bbcenter\u00a0\u00bb _builder_version=\u00a0\u00bb4.20.2&Prime; _module_preset=\u00a0\u00bbdefault\u00a0\u00bb global_colors_info=\u00a0\u00bb{}\u00a0\u00bb][\/et_pb_image][et_pb_text _builder_version=\u00a0\u00bb4.20.2&Prime; _module_preset=\u00a0\u00bbdefault\u00a0\u00bb header_2_font=\u00a0\u00bbCaveat||||||||\u00a0\u00bb header_2_font_size=\u00a0\u00bb30px\u00a0\u00bb text_orientation=\u00a0\u00bbcenter\u00a0\u00bb global_colors_info=\u00a0\u00bb{}\u00a0\u00bb]<\/p>\n<h2><span>Hesper Musek<\/span><\/h2>\n<p>[\/et_pb_text][\/et_pb_column][et_pb_column type=\u00a0\u00bb1_4&Prime; _builder_version=\u00a0\u00bb4.20.2&Prime; _module_preset=\u00a0\u00bbdefault\u00a0\u00bb global_colors_info=\u00a0\u00bb{}\u00a0\u00bb][et_pb_image src=\u00a0\u00bbhttps:\/\/museksschoulhesper.lu\/wp-content\/uploads\/2023\/04\/Fanfare-Izeg-Logo.jpg\u00a0\u00bb title_text=\u00a0\u00bbFanfare-Izeg-Logo\u00a0\u00bb url=\u00a0\u00bbhttp:\/\/fanfizeg.org\/\u00a0\u00bb url_new_window=\u00a0\u00bbon\u00a0\u00bb align=\u00a0\u00bbcenter\u00a0\u00bb _builder_version=\u00a0\u00bb4.20.2&Prime; _module_preset=\u00a0\u00bbdefault\u00a0\u00bb global_colors_info=\u00a0\u00bb{}\u00a0\u00bb][\/et_pb_image][et_pb_text _builder_version=\u00a0\u00bb4.20.2&Prime; _module_preset=\u00a0\u00bbdefault\u00a0\u00bb header_2_font=\u00a0\u00bbCaveat||||||||\u00a0\u00bb header_2_font_size=\u00a0\u00bb30px\u00a0\u00bb text_orientation=\u00a0\u00bbcenter\u00a0\u00bb global_colors_info=\u00a0\u00bb{}\u00a0\u00bb]<\/p>\n<h2><span>Fanfare Izeg<\/span><\/h2>\n<p>[\/et_pb_text][\/et_pb_column][et_pb_column type=\u00a0\u00bb1_4&Prime; _builder_version=\u00a0\u00bb4.20.2&Prime; _module_preset=\u00a0\u00bbdefault\u00a0\u00bb global_colors_info=\u00a0\u00bb{}\u00a0\u00bb][et_pb_image src=\u00a0\u00bbhttps:\/\/museksschoulhesper.lu\/wp-content\/uploads\/2023\/04\/Cantabile-Fenteng.jpg\u00a0\u00bb title_text=\u00a0\u00bbCantabile-Fenteng\u00a0\u00bb url=\u00a0\u00bbhttps:\/\/www.cantabile-fenteng.lu\/home\u00a0\u00bb url_new_window=\u00a0\u00bbon\u00a0\u00bb align=\u00a0\u00bbcenter\u00a0\u00bb _builder_version=\u00a0\u00bb4.20.2&Prime; _module_preset=\u00a0\u00bbdefault\u00a0\u00bb global_colors_info=\u00a0\u00bb{}\u00a0\u00bb][\/et_pb_image][et_pb_text _builder_version=\u00a0\u00bb4.20.2&Prime; _module_preset=\u00a0\u00bbdefault\u00a0\u00bb header_2_font=\u00a0\u00bbCaveat||||||||\u00a0\u00bb header_2_font_size=\u00a0\u00bb30px\u00a0\u00bb text_orientation=\u00a0\u00bbcenter\u00a0\u00bb global_colors_info=\u00a0\u00bb{}\u00a0\u00bb]<\/p>\n<h2><span>Chorale Cantabile Fentange<\/span><\/h2>\n<p>[\/et_pb_text][\/et_pb_column][et_pb_column type=\u00a0\u00bb1_4&Prime; _builder_version=\u00a0\u00bb4.20.2&Prime; _module_preset=\u00a0\u00bbdefault\u00a0\u00bb global_colors_info=\u00a0\u00bb{}\u00a0\u00bb][et_pb_image src=\u00a0\u00bbhttps:\/\/museksschoulhesper.lu\/wp-content\/uploads\/2023\/04\/fentenger-alouetten.jpg\u00a0\u00bb title_text=\u00a0\u00bbfentenger-alouetten\u00a0\u00bb url=\u00a0\u00bbhttps:\/\/fentenger-alouetten.lu\/\u00a0\u00bb url_new_window=\u00a0\u00bbon\u00a0\u00bb align=\u00a0\u00bbcenter\u00a0\u00bb _builder_version=\u00a0\u00bb4.20.2&Prime; _module_preset=\u00a0\u00bbdefault\u00a0\u00bb global_colors_info=\u00a0\u00bb{}\u00a0\u00bb][\/et_pb_image][et_pb_text _builder_version=\u00a0\u00bb4.20.2&Prime; _module_preset=\u00a0\u00bbdefault\u00a0\u00bb header_2_font=\u00a0\u00bbCaveat||||||||\u00a0\u00bb header_2_font_size=\u00a0\u00bb30px\u00a0\u00bb text_orientation=\u00a0\u00bbcenter\u00a0\u00bb global_colors_info=\u00a0\u00bb{}\u00a0\u00bb]<\/p>\n<h2><span>Fentenger Alouetten<\/span><\/h2>\n<p>[\/et_pb_text][\/et_pb_column][\/et_pb_row][et_pb_row _builder_version=\u00a0\u00bb4.20.2&Prime; _module_preset=\u00a0\u00bbdefault\u00a0\u00bb global_colors_info=\u00a0\u00bb{}\u00a0\u00bb][et_pb_column type=\u00a0\u00bb4_4&Prime; _builder_version=\u00a0\u00bb4.20.2&Prime; _module_preset=\u00a0\u00bbdefault\u00a0\u00bb global_colors_info=\u00a0\u00bb{}\u00a0\u00bb][et_pb_text _builder_version=\u00a0\u00bb4.20.2&Prime; _module_preset=\u00a0\u00bbdefault\u00a0\u00bb header_3_font=\u00a0\u00bbCaveat||||||||\u00a0\u00bb header_3_text_align=\u00a0\u00bbcenter\u00a0\u00bb header_3_font_size=\u00a0\u00bb35px\u00a0\u00bb global_colors_info=\u00a0\u00bb{}\u00a0\u00bb]<\/p>\n<h3 class=\"title-heading-center fusion-responsive-typography-calculated\">Autres amis et partenaires<\/h3>\n<p>[\/et_pb_text][et_pb_button button_url=\u00a0\u00bbhttps:\/\/www.hesperange.lu\/fr\/guide-du-citoyen\/loisirs-culture\u00a0\u00bb url_new_window=\u00a0\u00bbon\u00a0\u00bb button_text=\u00a0\u00bbPartenaires et amis\u00a0\u00bb button_alignment=\u00a0\u00bbcenter\u00a0\u00bb _builder_version=\u00a0\u00bb4.20.2&Prime; _module_preset=\u00a0\u00bbdefault\u00a0\u00bb custom_button=\u00a0\u00bbon\u00a0\u00bb button_text_color=\u00a0\u00bb#FFFFFF\u00a0\u00bb button_bg_color=\u00a0\u00bb#0079cc\u00a0\u00bb button_border_radius=\u00a0\u00bb13px\u00a0\u00bb button_font=\u00a0\u00bbIBM Plex Sans||||||||\u00a0\u00bb custom_padding=\u00a0\u00bb15px|30px|15px|30px|false|false\u00a0\u00bb global_colors_info=\u00a0\u00bb{}\u00a0\u00bb][\/et_pb_button][\/et_pb_column][\/et_pb_row][\/et_pb_section]<\/p>\n","protected":false},"excerpt":{"rendered":"<p><div class=\"et_pb_module wdcl_image_carousel wdcl_image_carousel_0\">\n\t\t\t\t\n\t\t\t\t\n\t\t\t\t\n\t\t\t\t\n\t\t\t\t\n\t\t\t\t\n\t\t\t\t<div class=\"et_pb_module_inner\">\n\t\t\t\t\t<div dir=\"ltr\" class=\"dcm-container dcm-carousel-maker dcm-lightbox-disabled\" data-pagi=\"false\"\n\t\t\tdata-pagi-tablet=\"false\"\n\t\t\tdata-pagi-phone=\"false\"\n\t\t\tdata-nav=\"false\"\n\t\t\tdata-nav-tablet=\"false\"\n\t\t\tdata-nav-phone=\"false\"\n\t\t\tdata-autoplay=\"on\"\n\t\t\tdata-autoplay-speed=\"3000ms\"\n\t\t\tdata-speed=\"700ms\"\n\t\t\tdata-slides=\"5\"\n\t\t\tdata-slides-tablet=\"5\"\n\t\t\tdata-slides-phone=\"5\"\n\t\t\tdata-center=\"off\"\n\t\t\tdata-center-mode-type=\"classic\"\n\t\t\tdata-center-padding=\"70px||\"\n\t\t\tdata-vertical=\"off\"\n\t\t\tdata-icon-left=\"4\"\n\t\t\tdata-icon-right=\"5\"\n\t\t\tdata-infinite=\"on\"\n\t\t\tdata-variable-width=\"off\"\n\t\t\tdata-auto-height=\"off\"\n\t\t\tdata-items-scroll=\"1||\"\n\t\t\tdata-fade=\"off\"\n\t\t\tdata-dir=\"ltr\">\n                <div class=\"wdcl_image_carousel_child wdcl_image_carousel_child_0 wdc_et_pb_module\">\n\t\t\t\t\n\t\t\t\t\n\t\t\t\t\n\t\t\t\t\n\t\t\t\t\n\t\t\t\t\n\t\t\t\t<div class=\"et_pb_module_inner\">\n\t\t\t\t\t<div class=\"dcm-carousel-item dcm-image-swap dcm-hover--none\">\n\t\t\t\t<figure class=\"dcm-lightbox-ctrl\">\n\t\t\t\t<div class=\"dcm-overlay\" data-icon=\"\"><\/div>\n\t\t\t\t<img decoding=\"async\" class=\"dcm-main-img\" data-mfp-src=\"https:\/\/museksschoulhesper.lu\/wp-content\/uploads\/2023\/04\/Streichinstrumente-Musikkurse-blau.jpg\" src=\"https:\/\/museksschoulhesper.lu\/wp-content\/uploads\/2023\/04\/Streichinstrumente-Musikkurse-blau.jpg\" alt=\"\"\/>\n            <\/figure> \n\t\t\t<\/div>\n\t\t\t\t<\/div>\n\t\t\t<\/div><div class=\"wdcl_image_carousel_child wdcl_image_carousel_child_1 wdc_et_pb_module\">\n\t\t\t\t\n\t\t\t\t\n\t\t\t\t\n\t\t\t\t\n\t\t\t\t\n\t\t\t\t\n\t\t\t\t<div class=\"et_pb_module_inner\">\n\t\t\t\t\t<div class=\"dcm-carousel-item dcm-image-swap dcm-hover--none\">\n\t\t\t\t<figure class=\"dcm-lightbox-ctrl\">\n\t\t\t\t<div class=\"dcm-overlay\" data-icon=\"\"><\/div>\n\t\t\t\t<img decoding=\"async\" class=\"dcm-main-img\" data-mfp-src=\"https:\/\/museksschoulhesper.lu\/wp-content\/uploads\/2023\/04\/Musikkurse-Blechblaeser-rot.jpg\" src=\"https:\/\/museksschoulhesper.lu\/wp-content\/uploads\/2023\/04\/Musikkurse-Blechblaeser-rot.jpg\" alt=\"\"\/>\n            <\/figure> \n\t\t\t<\/div>\n\t\t\t\t<\/div>\n\t\t\t<\/div><div class=\"wdcl_image_carousel_child wdcl_image_carousel_child_2 wdc_et_pb_module\">\n\t\t\t\t\n\t\t\t\t\n\t\t\t\t\n\t\t\t\t\n\t\t\t\t\n\t\t\t\t\n\t\t\t\t<div class=\"et_pb_module_inner\">\n\t\t\t\t\t<div class=\"dcm-carousel-item dcm-image-swap dcm-hover--none\">\n\t\t\t\t<figure class=\"dcm-lightbox-ctrl\">\n\t\t\t\t<div class=\"dcm-overlay\" data-icon=\"\"><\/div>\n\t\t\t\t<img decoding=\"async\" class=\"dcm-main-img\" data-mfp-src=\"https:\/\/museksschoulhesper.lu\/wp-content\/uploads\/2023\/04\/Musikkurse-Blechblaeser-blau.jpg\" src=\"https:\/\/museksschoulhesper.lu\/wp-content\/uploads\/2023\/04\/Musikkurse-Blechblaeser-blau.jpg\" alt=\"\"\/>\n            <\/figure> \n\t\t\t<\/div>\n\t\t\t\t<\/div>\n\t\t\t<\/div><div class=\"wdcl_image_carousel_child wdcl_image_carousel_child_3 wdc_et_pb_module\">\n\t\t\t\t\n\t\t\t\t\n\t\t\t\t\n\t\t\t\t\n\t\t\t\t\n\t\t\t\t\n\t\t\t\t<div class=\"et_pb_module_inner\">\n\t\t\t\t\t<div class=\"dcm-carousel-item dcm-image-swap dcm-hover--none\">\n\t\t\t\t<figure class=\"dcm-lightbox-ctrl\">\n\t\t\t\t<div class=\"dcm-overlay\" data-icon=\"\"><\/div>\n\t\t\t\t<img decoding=\"async\" class=\"dcm-main-img\" data-mfp-src=\"https:\/\/museksschoulhesper.lu\/wp-content\/uploads\/2023\/04\/Musikkurse-drums.jpg\" src=\"https:\/\/museksschoulhesper.lu\/wp-content\/uploads\/2023\/04\/Musikkurse-drums.jpg\" alt=\"\"\/>\n            <\/figure> \n\t\t\t<\/div>\n\t\t\t\t<\/div>\n\t\t\t<\/div><div class=\"wdcl_image_carousel_child wdcl_image_carousel_child_4 wdc_et_pb_module\">\n\t\t\t\t\n\t\t\t\t\n\t\t\t\t\n\t\t\t\t\n\t\t\t\t\n\t\t\t\t\n\t\t\t\t<div class=\"et_pb_module_inner\">\n\t\t\t\t\t<div class=\"dcm-carousel-item dcm-image-swap dcm-hover--none\">\n\t\t\t\t<figure class=\"dcm-lightbox-ctrl\">\n\t\t\t\t<div class=\"dcm-overlay\" data-icon=\"\"><\/div>\n\t\t\t\t<img decoding=\"async\" class=\"dcm-main-img\" data-mfp-src=\"https:\/\/museksschoulhesper.lu\/wp-content\/uploads\/2023\/04\/Orgel-Musikkurs.jpg\" src=\"https:\/\/museksschoulhesper.lu\/wp-content\/uploads\/2023\/04\/Orgel-Musikkurs.jpg\" alt=\"\"\/>\n            <\/figure> \n\t\t\t<\/div>\n\t\t\t\t<\/div>\n\t\t\t<\/div><div class=\"wdcl_image_carousel_child wdcl_image_carousel_child_5 wdc_et_pb_module\">\n\t\t\t\t\n\t\t\t\t\n\t\t\t\t\n\t\t\t\t\n\t\t\t\t\n\t\t\t\t\n\t\t\t\t<div class=\"et_pb_module_inner\">\n\t\t\t\t\t<div class=\"dcm-carousel-item dcm-image-swap dcm-hover--none\">\n\t\t\t\t<figure class=\"dcm-lightbox-ctrl\">\n\t\t\t\t<div class=\"dcm-overlay\" data-icon=\"\"><\/div>\n\t\t\t\t<img decoding=\"async\" class=\"dcm-main-img\" data-mfp-src=\"https:\/\/museksschoulhesper.lu\/wp-content\/uploads\/2023\/04\/Klavier-Musikkurse.jpg\" src=\"https:\/\/museksschoulhesper.lu\/wp-content\/uploads\/2023\/04\/Klavier-Musikkurse.jpg\" alt=\"\"\/>\n            <\/figure> \n\t\t\t<\/div>\n\t\t\t\t<\/div>\n\t\t\t<\/div><div class=\"wdcl_image_carousel_child wdcl_image_carousel_child_6 wdc_et_pb_module\">\n\t\t\t\t\n\t\t\t\t\n\t\t\t\t\n\t\t\t\t\n\t\t\t\t\n\t\t\t\t\n\t\t\t\t<div class=\"et_pb_module_inner\">\n\t\t\t\t\t<div class=\"dcm-carousel-item dcm-image-swap dcm-hover--none\">\n\t\t\t\t<figure class=\"dcm-lightbox-ctrl\">\n\t\t\t\t<div class=\"dcm-overlay\" data-icon=\"\"><\/div>\n\t\t\t\t<img decoding=\"async\" class=\"dcm-main-img\" data-mfp-src=\"https:\/\/museksschoulhesper.lu\/wp-content\/uploads\/2023\/04\/Musikkurse-Gesang-blau.jpg\" src=\"https:\/\/museksschoulhesper.lu\/wp-content\/uploads\/2023\/04\/Musikkurse-Gesang-blau.jpg\" alt=\"\"\/>\n            <\/figure> \n\t\t\t<\/div>\n\t\t\t\t<\/div>\n\t\t\t<\/div>\n            <\/div>\n\t\t\t\t<\/div>\n\t\t\t<\/div>Partenaires et amisRendez \u00e9galement visite \u00e0 nos amis et partenaires qui nous ont accompagn\u00e9s ces derni\u00e8res ann\u00e9es !Hesper MusekFanfare IzegChorale [&hellip;]<\/p>\n","protected":false},"author":1,"featured_media":0,"parent":0,"menu_order":0,"comment_status":"closed","ping_status":"closed","template":"","meta":{"_et_pb_use_builder":"on","_et_pb_old_content":"","_et_gb_content_width":"","footnotes":""},"class_list":["post-1694","page","type-page","status-publish","hentry"],"yoast_head":"<!-- This site is optimized with the Yoast SEO plugin v20.6 - https:\/\/yoast.com\/wordpress\/plugins\/seo\/ -->\n<title>Partenaires et amis - museksschoulhesper.lu<\/title>\n<meta name=\"description\" content=\"Nos amis et partenaires qui nous ont accompagn\u00e9s au cours des derni\u00e8re ann\u00e9es \u2013 Faites leur connaissance !\" \/>\n<meta name=\"robots\" content=\"index, follow, max-snippet:-1, max-image-preview:large, max-video-preview:-1\" \/>\n<link rel=\"canonical\" href=\"https:\/\/museksschoulhesper.lu\/fr\/partenaires-et-amis\/\" \/>\n<meta property=\"og:locale\" content=\"fr_FR\" \/>\n<meta property=\"og:type\" content=\"article\" \/>\n<meta property=\"og:title\" content=\"Partenaires et amis - museksschoulhesper.lu\" \/>\n<meta property=\"og:description\" content=\"Nos amis et partenaires qui nous ont accompagn\u00e9s au cours des derni\u00e8re ann\u00e9es \u2013 Faites leur connaissance !\" \/>\n<meta property=\"og:url\" content=\"https:\/\/museksschoulhesper.lu\/fr\/partenaires-et-amis\/\" \/>\n<meta property=\"og:site_name\" content=\"museksschoulhesper.lu\" \/>\n<meta property=\"article:modified_time\" content=\"2023-05-21T10:35:55+00:00\" \/>\n<meta name=\"twitter:card\" content=\"summary_large_image\" \/>\n<meta name=\"twitter:label1\" content=\"Dur\u00e9e de lecture estim\u00e9e\" \/>\n\t<meta name=\"twitter:data1\" content=\"4 minutes\" \/>\n<script type=\"application\/ld+json\" class=\"yoast-schema-graph\">{\"@context\":\"https:\/\/schema.org\",\"@graph\":[{\"@type\":\"WebPage\",\"@id\":\"https:\/\/museksschoulhesper.lu\/fr\/partenaires-et-amis\/\",\"url\":\"https:\/\/museksschoulhesper.lu\/fr\/partenaires-et-amis\/\",\"name\":\"Partenaires et amis - museksschoulhesper.lu\",\"isPartOf\":{\"@id\":\"https:\/\/museksschoulhesper.lu\/#website\"},\"datePublished\":\"2023-04-10T17:42:13+00:00\",\"dateModified\":\"2023-05-21T10:35:55+00:00\",\"description\":\"Nos amis et partenaires qui nous ont accompagn\u00e9s au cours des derni\u00e8re ann\u00e9es \u2013 Faites leur connaissance !\",\"breadcrumb\":{\"@id\":\"https:\/\/museksschoulhesper.lu\/fr\/partenaires-et-amis\/#breadcrumb\"},\"inLanguage\":\"fr-FR\",\"potentialAction\":[{\"@type\":\"ReadAction\",\"target\":[\"https:\/\/museksschoulhesper.lu\/fr\/partenaires-et-amis\/\"]}]},{\"@type\":\"BreadcrumbList\",\"@id\":\"https:\/\/museksschoulhesper.lu\/fr\/partenaires-et-amis\/#breadcrumb\",\"itemListElement\":[{\"@type\":\"ListItem\",\"position\":1,\"name\":\"Startseite\",\"item\":\"https:\/\/museksschoulhesper.lu\/fr\/\"},{\"@type\":\"ListItem\",\"position\":2,\"name\":\"Partenaires et amis\"}]},{\"@type\":\"WebSite\",\"@id\":\"https:\/\/museksschoulhesper.lu\/#website\",\"url\":\"https:\/\/museksschoulhesper.lu\/\",\"name\":\"museksschoulhesper.lu\",\"description\":\"\",\"potentialAction\":[{\"@type\":\"SearchAction\",\"target\":{\"@type\":\"EntryPoint\",\"urlTemplate\":\"https:\/\/museksschoulhesper.lu\/?s={search_term_string}\"},\"query-input\":\"required name=search_term_string\"}],\"inLanguage\":\"fr-FR\"}]}<\/script>\n<!-- \/ Yoast SEO plugin. -->","yoast_head_json":{"title":"Partenaires et amis - museksschoulhesper.lu","description":"Nos amis et partenaires qui nous ont accompagn\u00e9s au cours des derni\u00e8re ann\u00e9es \u2013 Faites leur connaissance !","robots":{"index":"index","follow":"follow","max-snippet":"max-snippet:-1","max-image-preview":"max-image-preview:large","max-video-preview":"max-video-preview:-1"},"canonical":"https:\/\/museksschoulhesper.lu\/fr\/partenaires-et-amis\/","og_locale":"fr_FR","og_type":"article","og_title":"Partenaires et amis - museksschoulhesper.lu","og_description":"Nos amis et partenaires qui nous ont accompagn\u00e9s au cours des derni\u00e8re ann\u00e9es \u2013 Faites leur connaissance !","og_url":"https:\/\/museksschoulhesper.lu\/fr\/partenaires-et-amis\/","og_site_name":"museksschoulhesper.lu","article_modified_time":"2023-05-21T10:35:55+00:00","twitter_card":"summary_large_image","twitter_misc":{"Dur\u00e9e de lecture estim\u00e9e":"4 minutes"},"schema":{"@context":"https:\/\/schema.org","@graph":[{"@type":"WebPage","@id":"https:\/\/museksschoulhesper.lu\/fr\/partenaires-et-amis\/","url":"https:\/\/museksschoulhesper.lu\/fr\/partenaires-et-amis\/","name":"Partenaires et amis - museksschoulhesper.lu","isPartOf":{"@id":"https:\/\/museksschoulhesper.lu\/#website"},"datePublished":"2023-04-10T17:42:13+00:00","dateModified":"2023-05-21T10:35:55+00:00","description":"Nos amis et partenaires qui nous ont accompagn\u00e9s au cours des derni\u00e8re ann\u00e9es \u2013 Faites leur connaissance !","breadcrumb":{"@id":"https:\/\/museksschoulhesper.lu\/fr\/partenaires-et-amis\/#breadcrumb"},"inLanguage":"fr-FR","potentialAction":[{"@type":"ReadAction","target":["https:\/\/museksschoulhesper.lu\/fr\/partenaires-et-amis\/"]}]},{"@type":"BreadcrumbList","@id":"https:\/\/museksschoulhesper.lu\/fr\/partenaires-et-amis\/#breadcrumb","itemListElement":[{"@type":"ListItem","position":1,"name":"Startseite","item":"https:\/\/museksschoulhesper.lu\/fr\/"},{"@type":"ListItem","position":2,"name":"Partenaires et amis"}]},{"@type":"WebSite","@id":"https:\/\/museksschoulhesper.lu\/#website","url":"https:\/\/museksschoulhesper.lu\/","name":"museksschoulhesper.lu","description":"","potentialAction":[{"@type":"SearchAction","target":{"@type":"EntryPoint","urlTemplate":"https:\/\/museksschoulhesper.lu\/?s={search_term_string}"},"query-input":"required name=search_term_string"}],"inLanguage":"fr-FR"}]}},"_links":{"self":[{"href":"https:\/\/museksschoulhesper.lu\/fr\/wp-json\/wp\/v2\/pages\/1694","targetHints":{"allow":["GET"]}}],"collection":[{"href":"https:\/\/museksschoulhesper.lu\/fr\/wp-json\/wp\/v2\/pages"}],"about":[{"href":"https:\/\/museksschoulhesper.lu\/fr\/wp-json\/wp\/v2\/types\/page"}],"author":[{"embeddable":true,"href":"https:\/\/museksschoulhesper.lu\/fr\/wp-json\/wp\/v2\/users\/1"}],"replies":[{"embeddable":true,"href":"https:\/\/museksschoulhesper.lu\/fr\/wp-json\/wp\/v2\/comments?post=1694"}],"version-history":[{"count":2,"href":"https:\/\/museksschoulhesper.lu\/fr\/wp-json\/wp\/v2\/pages\/1694\/revisions"}],"predecessor-version":[{"id":1696,"href":"https:\/\/museksschoulhesper.lu\/fr\/wp-json\/wp\/v2\/pages\/1694\/revisions\/1696"}],"wp:attachment":[{"href":"https:\/\/museksschoulhesper.lu\/fr\/wp-json\/wp\/v2\/media?parent=1694"}],"curies":[{"name":"wp","href":"https:\/\/api.w.org\/{rel}","templated":true}]}}