{"id":2686,"date":"2023-07-16T14:36:15","date_gmt":"2023-07-16T12:36:15","guid":{"rendered":"https:\/\/museksschoulhesper.lu\/?page_id=2686"},"modified":"2023-07-16T14:37:30","modified_gmt":"2023-07-16T12:37:30","slug":"datenschutz","status":"publish","type":"page","link":"https:\/\/museksschoulhesper.lu\/en\/datenschutz\/","title":{"rendered":"Data protection"},"content":{"rendered":"<p>[et_pb_section fb_built=&#8221;1&#8243; admin_label=&#8221;section&#8221; _builder_version=&#8221;4.20.2&#8243; custom_padding=&#8221;0px||||false|false&#8221; global_colors_info=&#8221;{}&#8221;][et_pb_row column_structure=&#8221;1_6,1_6,1_6,1_6,1_6,1_6&#8243; use_custom_gutter=&#8221;on&#8221; gutter_width=&#8221;1&#8243; admin_label=&#8221;row&#8221; _builder_version=&#8221;4.20.2&#8243; background_size=&#8221;initial&#8221; background_position=&#8221;top_left&#8221; background_repeat=&#8221;repeat&#8221; width=&#8221;100%&#8221; max_width=&#8221;100%&#8221; global_colors_info=&#8221;{}&#8221;][et_pb_column type=&#8221;1_6&#8243; _builder_version=&#8221;4.16&#8243; custom_padding=&#8221;|||&#8221; global_colors_info=&#8221;{}&#8221; custom_padding__hover=&#8221;|||&#8221;][et_pb_image src=&#8221;https:\/\/museksschoulhesper.lu\/wp-content\/uploads\/2023\/04\/Saiteninstrumente-Musikkurse-blau-400&#215;284-1.jpg&#8221; title_text=&#8221;Saiteninstrumente-Musikkurse-blau-400&#215;284&#8243; _builder_version=&#8221;4.20.2&#8243; _module_preset=&#8221;default&#8221; global_colors_info=&#8221;{}&#8221;][\/et_pb_image][\/et_pb_column][et_pb_column type=&#8221;1_6&#8243; _builder_version=&#8221;4.16&#8243; custom_padding=&#8221;|||&#8221; global_colors_info=&#8221;{}&#8221; custom_padding__hover=&#8221;|||&#8221;][et_pb_image src=&#8221;https:\/\/museksschoulhesper.lu\/wp-content\/uploads\/2023\/04\/Musikkurse-Ensemble-rot-400&#215;284-1.jpg&#8221; title_text=&#8221;Musikkurse-Ensemble-rot-400&#215;284&#8243; _builder_version=&#8221;4.20.2&#8243; _module_preset=&#8221;default&#8221; global_colors_info=&#8221;{}&#8221;][\/et_pb_image][\/et_pb_column][et_pb_column type=&#8221;1_6&#8243; _builder_version=&#8221;4.16&#8243; custom_padding=&#8221;|||&#8221; global_colors_info=&#8221;{}&#8221; custom_padding__hover=&#8221;|||&#8221;][et_pb_image src=&#8221;https:\/\/museksschoulhesper.lu\/wp-content\/uploads\/2023\/04\/Orgel-Musikkurs-400&#215;284-1.jpg&#8221; title_text=&#8221;Orgel-Musikkurs-400&#215;284&#8243; _builder_version=&#8221;4.20.2&#8243; _module_preset=&#8221;default&#8221; global_colors_info=&#8221;{}&#8221;][\/et_pb_image][\/et_pb_column][et_pb_column type=&#8221;1_6&#8243; _builder_version=&#8221;4.16&#8243; custom_padding=&#8221;|||&#8221; global_colors_info=&#8221;{}&#8221; custom_padding__hover=&#8221;|||&#8221;][et_pb_image src=&#8221;https:\/\/museksschoulhesper.lu\/wp-content\/uploads\/2023\/04\/Musikkurse-Blechblaeser-rot-400&#215;284-1.jpg&#8221; title_text=&#8221;Musikkurse-Blechblaeser-rot-400&#215;284&#8243; _builder_version=&#8221;4.20.2&#8243; _module_preset=&#8221;default&#8221; global_colors_info=&#8221;{}&#8221;][\/et_pb_image][\/et_pb_column][et_pb_column type=&#8221;1_6&#8243; _builder_version=&#8221;4.16&#8243; custom_padding=&#8221;|||&#8221; global_colors_info=&#8221;{}&#8221; custom_padding__hover=&#8221;|||&#8221;][et_pb_image src=&#8221;https:\/\/museksschoulhesper.lu\/wp-content\/uploads\/2023\/04\/Streichinstrumente-Musikkurse-blau-400&#215;283-2.jpg&#8221; title_text=&#8221;Streichinstrumente-Musikkurse-blau-400&#215;283&#8243; _builder_version=&#8221;4.20.2&#8243; _module_preset=&#8221;default&#8221; global_colors_info=&#8221;{}&#8221;][\/et_pb_image][\/et_pb_column][et_pb_column type=&#8221;1_6&#8243; _builder_version=&#8221;4.16&#8243; custom_padding=&#8221;|||&#8221; global_colors_info=&#8221;{}&#8221; custom_padding__hover=&#8221;|||&#8221;][et_pb_image src=&#8221;https:\/\/museksschoulhesper.lu\/wp-content\/uploads\/2023\/04\/Klavier-Musikkurse-400&#215;284-1.jpg&#8221; title_text=&#8221;Klavier-Musikkurse-400&#215;284&#8243; _builder_version=&#8221;4.20.2&#8243; _module_preset=&#8221;default&#8221; global_colors_info=&#8221;{}&#8221;][\/et_pb_image][\/et_pb_column][\/et_pb_row][\/et_pb_section][et_pb_section fb_built=&#8221;1&#8243; admin_label=&#8221;section&#8221; _builder_version=&#8221;4.16&#8243; global_colors_info=&#8221;{}&#8221;][et_pb_row admin_label=&#8221;row&#8221; _builder_version=&#8221;4.16&#8243; background_size=&#8221;initial&#8221; background_position=&#8221;top_left&#8221; background_repeat=&#8221;repeat&#8221; global_colors_info=&#8221;{}&#8221;][et_pb_column type=&#8221;4_4&#8243; _builder_version=&#8221;4.16&#8243; custom_padding=&#8221;|||&#8221; global_colors_info=&#8221;{}&#8221; custom_padding__hover=&#8221;|||&#8221;][et_pb_text admin_label=&#8221;Text&#8221; _builder_version=&#8221;4.20.2&#8243; background_size=&#8221;initial&#8221; background_position=&#8221;top_left&#8221; background_repeat=&#8221;repeat&#8221; global_colors_info=&#8221;{}&#8221;]<\/p>\n<p>&nbsp;<\/p>\n<h1 class=\"title-heading-center fusion-responsive-typography-calculated\">Data protection<\/h1>\n<h4 data-fontsize=\"30\" data-lineheight=\"34.5px\" class=\"fusion-responsive-typography-calculated\"><\/h4>\n<h4 data-fontsize=\"30\" data-lineheight=\"34.5px\" class=\"fusion-responsive-typography-calculated\">Cookies<\/h4>\n<p>Lorsque vous visitez notre site internet, des cookies peuvent \u00eatre automatiquement install\u00e9s ou temporairement sauvegard\u00e9s sur votre machine dans le but d\u2019am\u00e9liorer votre navigation sur notre site. Les cookies ne nous permettent pas de vous identifier, ils sont utilis\u00e9s \u00e0 des fins d\u2019analyse comme par exemple le nombre de pages visit\u00e9es, la date et le temps pass\u00e9 sur notre site internet, etc.<\/p>\n<p>Nous utilisons<span> <\/span><a href=\"https:\/\/web.archive.org\/web\/20221224020948\/https:\/\/www.cookiebot.com\/en\/\" target=\"_blank\" rel=\"noopener noreferrer\"><u>Cookiebot<\/u><\/a><span> <\/span>pour la gestion des cookies. Pour g\u00e9rer vos cookies vous pouvez visiter la page \u201cCookies\u201d dans le footer du site.<\/p>\n<p>Ce site internet utilise Google Analytics, un service d\u2019analyse de site internet fourni par Google Inc. (\u201cGoogle\u201d). Les informations g\u00e9n\u00e9r\u00e9es par le cookie sur l\u2019utilisation que vous faites du site internet (y compris votre adresse IP) seront transmises et sauvegard\u00e9es sur un serveur de Google. Google utilise ces informations dans le but d\u2019\u00e9valuer votre utilisation du site, d\u2019\u00e9tablir des rapports sur les activit\u00e9s du site \u00e0 destination de son exploitant et de fournir d\u2019autres services relatifs \u00e0 l\u2019activit\u00e9 du site et \u00e0 l\u2019utilisation d\u2019Internet. Google est susceptible de communiquer ces informations \u00e0 des tiers en cas d\u2019obligation l\u00e9gale ou lorsque ces tiers traitent les donn\u00e9es en question pour le compte de Google. Google ne fait en aucun cas le lien entre votre adresse IP et d\u2019autres donn\u00e9es de Google. Vous pouvez d\u00e9sactiver l\u2019installation des cookies en modifiant certains param\u00e8tres de votre navigateur. Cependant, une telle d\u00e9sactivation pourrait emp\u00eacher l\u2019utilisation de certaines fonctionnalit\u00e9s du site internet. En utilisant ce site internet, vous consentez express\u00e9ment au traitement des donn\u00e9es collect\u00e9es \u00e0 votre sujet par Google dans les conditions et pour les finalit\u00e9s d\u00e9crites ci-dessus.<\/p>\n<p>Vous pouvez visiter le guide<span> <\/span><a href=\"https:\/\/web.archive.org\/web\/20221224020948\/https:\/\/developers.google.com\/analytics\/devguides\/collection\/analyticsjs\/cookie-usage\" target=\"_blank\" rel=\"noopener noreferrer\"><u>Google Analytics Cookie Usage on Websites<\/u><\/a><span> <\/span>pour plus d\u2019informations au sujet des cookies.<\/p>\n<p>Si vous souhaitez d\u00e9sactiver Google Analytics sur votre navigateur internet sachez que Google Inc. a d\u00e9velopp\u00e9 un module compl\u00e9mentaire de navigateur internet vous permettant de bloquer l\u2019utilisation de vos donn\u00e9es par les fichiers javascript de Google Analytics :<span> <\/span><a href=\"https:\/\/web.archive.org\/web\/20221224020948\/https:\/\/tools.google.com\/dlpage\/gaoptout?hl=fr\" target=\"_blank\" rel=\"noopener noreferrer\"><u>https:\/\/tools.google.com\/dlpage\/gaoptout?hl=fr<\/u><\/a><\/p>\n<h4 data-fontsize=\"30\" data-lineheight=\"34.5px\" class=\"fusion-responsive-typography-calculated\">Donn\u00e9es personnelles collect\u00e9es sur le site internet<\/h4>\n<p><em>De quoi nous avons besoin<\/em><br \/>Les visiteurs sont inform\u00e9s que le site internet utilise diff\u00e9rentes op\u00e9rations de traitement des donn\u00e9es dont le but est d\u2019assurer la communication et l\u2019\u00e9change d\u2019information avec les visiteurs. Nous collectons seulement des donn\u00e9es personnelles basiques \u00e0 votre sujet, celles-ci peuvent comprendre votre Nom, votre Adresse, votre Email, etc.<\/p>\n<p><em>Pourquoi nous en avons besoin<\/em><br \/>Ces op\u00e9rations de traitement des donn\u00e9es nous permettent de :<\/p>\n<p><strong>\u2013 G\u00e9rer les demandes de contact<\/strong>,<\/p>\n<p><strong>\u2013 Assurer les demandes de services en ligne.<\/strong><\/p>\n<p><em>Ce que nous faisons avec<\/em><br \/>Les donn\u00e9es collect\u00e9es sont utilis\u00e9es pour un usage interne uniquement et transf\u00e9r\u00e9es aux personnes responsables du traitement des demandes utilisateurs. Vos donn\u00e9es personnelles ne seront en aucun cas partag\u00e9es avec une autre entreprise, \u00e0 des fins commerciales ou autres, hormis<span> <\/span><strong>la commune de Hesperange<\/strong>.<\/p>\n<p><em>Combien de temps nous les gardons<\/em><br \/>Nous conservons vos donn\u00e9es personnelles aussi longtemps que les raisons motivant leur collecte l\u2019exigent ou que la loi l\u2019oblige. Les informations \u00e0 usage mercatique seront conserv\u00e9es jusqu\u2019\u00e0 ce que vous nous demandiez de les modifier ou de les supprimer.<\/p>\n<p><em>Quels sont vos droits ?<\/em><br \/>En accord avec le R\u00e8glement G\u00e9n\u00e9ral sur la Protection des Donn\u00e9es, toute personne souhaitant exercer ses droits d\u2019acc\u00e8s, de rectification, de suppression ou d\u2019opposition devra s\u2019adresser au service suivant :<\/p>\n<p><strong>Administration communale de Hesperange<br \/>474, route de Thionville \u2013 L-5886 Hesperange<\/strong><br \/><strong><a href=\"https:\/\/web.archive.org\/web\/20221224020948\/mailto:contact@hesperange.lu\">contact@hesperange.lu<\/a><\/strong><\/p>\n<p>Pour plus d\u2019informations au sujet de vos droits concernant la protection des donn\u00e9es personnelles vous pouvez visiter<span> <\/span><a href=\"https:\/\/web.archive.org\/web\/20221224020948\/https:\/\/cnpd.public.lu\/fr.html\" target=\"_blank\" rel=\"noopener noreferrer\"><u>le site de la Commission Nationale pour la Protection des Donn\u00e9es<\/u><\/a><span> <\/span>au Luxembourg.<\/p>\n<p>&nbsp;<\/p>\n<p>[\/et_pb_text][\/et_pb_column][\/et_pb_row][\/et_pb_section]<\/p>\n","protected":false},"excerpt":{"rendered":"<p>&nbsp; Data protection Cookies Lorsque vous visitez notre site internet, des cookies peuvent \u00eatre automatiquement install\u00e9s ou temporairement sauvegard\u00e9s sur votre machine dans le but d\u2019am\u00e9liorer votre navigation sur notre site. Les cookies ne nous permettent pas de vous identifier, ils sont utilis\u00e9s \u00e0 des fins d\u2019analyse comme par exemple le nombre de pages visit\u00e9es, [&hellip;]<\/p>\n","protected":false},"author":1,"featured_media":0,"parent":0,"menu_order":0,"comment_status":"closed","ping_status":"closed","template":"","meta":{"_et_pb_use_builder":"on","_et_pb_old_content":"","_et_gb_content_width":"","footnotes":""},"class_list":["post-2686","page","type-page","status-publish","hentry"],"yoast_head":"<!-- This site is optimized with the Yoast SEO plugin v20.6 - https:\/\/yoast.com\/wordpress\/plugins\/seo\/ -->\n<title>Data protection - museksschoulhesper.lu<\/title>\n<meta name=\"robots\" content=\"index, follow, max-snippet:-1, max-image-preview:large, max-video-preview:-1\" \/>\n<link rel=\"canonical\" href=\"https:\/\/museksschoulhesper.lu\/en\/datenschutz\/\" \/>\n<meta property=\"og:locale\" content=\"en_US\" \/>\n<meta property=\"og:type\" content=\"article\" \/>\n<meta property=\"og:title\" content=\"Data protection - museksschoulhesper.lu\" \/>\n<meta property=\"og:description\" content=\"&nbsp; Data protection Cookies Lorsque vous visitez notre site internet, des cookies peuvent \u00eatre automatiquement install\u00e9s ou temporairement sauvegard\u00e9s sur votre machine dans le but d\u2019am\u00e9liorer votre navigation sur notre site. Les cookies ne nous permettent pas de vous identifier, ils sont utilis\u00e9s \u00e0 des fins d\u2019analyse comme par exemple le nombre de pages visit\u00e9es, [&hellip;]\" \/>\n<meta property=\"og:url\" content=\"https:\/\/museksschoulhesper.lu\/en\/datenschutz\/\" \/>\n<meta property=\"og:site_name\" content=\"museksschoulhesper.lu\" \/>\n<meta property=\"article:modified_time\" content=\"2023-07-16T12:37:30+00:00\" \/>\n<meta name=\"twitter:card\" content=\"summary_large_image\" \/>\n<meta name=\"twitter:label1\" content=\"Est. reading time\" \/>\n\t<meta name=\"twitter:data1\" content=\"4 minutes\" \/>\n<script type=\"application\/ld+json\" class=\"yoast-schema-graph\">{\"@context\":\"https:\/\/schema.org\",\"@graph\":[{\"@type\":\"WebPage\",\"@id\":\"https:\/\/museksschoulhesper.lu\/en\/datenschutz\/\",\"url\":\"https:\/\/museksschoulhesper.lu\/en\/datenschutz\/\",\"name\":\"Data protection - museksschoulhesper.lu\",\"isPartOf\":{\"@id\":\"https:\/\/museksschoulhesper.lu\/#website\"},\"datePublished\":\"2023-07-16T12:36:15+00:00\",\"dateModified\":\"2023-07-16T12:37:30+00:00\",\"breadcrumb\":{\"@id\":\"https:\/\/museksschoulhesper.lu\/en\/datenschutz\/#breadcrumb\"},\"inLanguage\":\"en-US\",\"potentialAction\":[{\"@type\":\"ReadAction\",\"target\":[\"https:\/\/museksschoulhesper.lu\/en\/datenschutz\/\"]}]},{\"@type\":\"BreadcrumbList\",\"@id\":\"https:\/\/museksschoulhesper.lu\/en\/datenschutz\/#breadcrumb\",\"itemListElement\":[{\"@type\":\"ListItem\",\"position\":1,\"name\":\"Startseite\",\"item\":\"https:\/\/museksschoulhesper.lu\/en\/\"},{\"@type\":\"ListItem\",\"position\":2,\"name\":\"Data protection\"}]},{\"@type\":\"WebSite\",\"@id\":\"https:\/\/museksschoulhesper.lu\/#website\",\"url\":\"https:\/\/museksschoulhesper.lu\/\",\"name\":\"museksschoulhesper.lu\",\"description\":\"\",\"potentialAction\":[{\"@type\":\"SearchAction\",\"target\":{\"@type\":\"EntryPoint\",\"urlTemplate\":\"https:\/\/museksschoulhesper.lu\/?s={search_term_string}\"},\"query-input\":\"required name=search_term_string\"}],\"inLanguage\":\"en-US\"}]}<\/script>\n<!-- \/ Yoast SEO plugin. -->","yoast_head_json":{"title":"Data protection - museksschoulhesper.lu","robots":{"index":"index","follow":"follow","max-snippet":"max-snippet:-1","max-image-preview":"max-image-preview:large","max-video-preview":"max-video-preview:-1"},"canonical":"https:\/\/museksschoulhesper.lu\/en\/datenschutz\/","og_locale":"en_US","og_type":"article","og_title":"Data protection - museksschoulhesper.lu","og_description":"&nbsp; Data protection Cookies Lorsque vous visitez notre site internet, des cookies peuvent \u00eatre automatiquement install\u00e9s ou temporairement sauvegard\u00e9s sur votre machine dans le but d\u2019am\u00e9liorer votre navigation sur notre site. Les cookies ne nous permettent pas de vous identifier, ils sont utilis\u00e9s \u00e0 des fins d\u2019analyse comme par exemple le nombre de pages visit\u00e9es, [&hellip;]","og_url":"https:\/\/museksschoulhesper.lu\/en\/datenschutz\/","og_site_name":"museksschoulhesper.lu","article_modified_time":"2023-07-16T12:37:30+00:00","twitter_card":"summary_large_image","twitter_misc":{"Est. reading time":"4 minutes"},"schema":{"@context":"https:\/\/schema.org","@graph":[{"@type":"WebPage","@id":"https:\/\/museksschoulhesper.lu\/en\/datenschutz\/","url":"https:\/\/museksschoulhesper.lu\/en\/datenschutz\/","name":"Data protection - museksschoulhesper.lu","isPartOf":{"@id":"https:\/\/museksschoulhesper.lu\/#website"},"datePublished":"2023-07-16T12:36:15+00:00","dateModified":"2023-07-16T12:37:30+00:00","breadcrumb":{"@id":"https:\/\/museksschoulhesper.lu\/en\/datenschutz\/#breadcrumb"},"inLanguage":"en-US","potentialAction":[{"@type":"ReadAction","target":["https:\/\/museksschoulhesper.lu\/en\/datenschutz\/"]}]},{"@type":"BreadcrumbList","@id":"https:\/\/museksschoulhesper.lu\/en\/datenschutz\/#breadcrumb","itemListElement":[{"@type":"ListItem","position":1,"name":"Startseite","item":"https:\/\/museksschoulhesper.lu\/en\/"},{"@type":"ListItem","position":2,"name":"Data protection"}]},{"@type":"WebSite","@id":"https:\/\/museksschoulhesper.lu\/#website","url":"https:\/\/museksschoulhesper.lu\/","name":"museksschoulhesper.lu","description":"","potentialAction":[{"@type":"SearchAction","target":{"@type":"EntryPoint","urlTemplate":"https:\/\/museksschoulhesper.lu\/?s={search_term_string}"},"query-input":"required name=search_term_string"}],"inLanguage":"en-US"}]}},"_links":{"self":[{"href":"https:\/\/museksschoulhesper.lu\/en\/wp-json\/wp\/v2\/pages\/2686","targetHints":{"allow":["GET"]}}],"collection":[{"href":"https:\/\/museksschoulhesper.lu\/en\/wp-json\/wp\/v2\/pages"}],"about":[{"href":"https:\/\/museksschoulhesper.lu\/en\/wp-json\/wp\/v2\/types\/page"}],"author":[{"embeddable":true,"href":"https:\/\/museksschoulhesper.lu\/en\/wp-json\/wp\/v2\/users\/1"}],"replies":[{"embeddable":true,"href":"https:\/\/museksschoulhesper.lu\/en\/wp-json\/wp\/v2\/comments?post=2686"}],"version-history":[{"count":7,"href":"https:\/\/museksschoulhesper.lu\/en\/wp-json\/wp\/v2\/pages\/2686\/revisions"}],"predecessor-version":[{"id":2697,"href":"https:\/\/museksschoulhesper.lu\/en\/wp-json\/wp\/v2\/pages\/2686\/revisions\/2697"}],"wp:attachment":[{"href":"https:\/\/museksschoulhesper.lu\/en\/wp-json\/wp\/v2\/media?parent=2686"}],"curies":[{"name":"wp","href":"https:\/\/api.w.org\/{rel}","templated":true}]}}