{"id":2245,"date":"2023-04-02T17:45:46","date_gmt":"2023-04-02T15:45:46","guid":{"rendered":"https:\/\/museksschoulhesper.lu\/imprint-data-protection\/"},"modified":"2023-07-16T14:39:59","modified_gmt":"2023-07-16T12:39:59","slug":"imprint-data-protection","status":"publish","type":"page","link":"https:\/\/museksschoulhesper.lu\/en\/imprint-data-protection\/","title":{"rendered":"Imprint"},"content":{"rendered":"<p>[et_pb_section fb_built=&#8221;1&#8243; admin_label=&#8221;section&#8221; _builder_version=&#8221;4.20.2&#8243; custom_padding=&#8221;0px||||false|false&#8221; global_colors_info=&#8221;{}&#8221;][et_pb_row column_structure=&#8221;1_6,1_6,1_6,1_6,1_6,1_6&#8243; use_custom_gutter=&#8221;on&#8221; gutter_width=&#8221;1&#8243; admin_label=&#8221;row&#8221; _builder_version=&#8221;4.20.2&#8243; background_size=&#8221;initial&#8221; background_position=&#8221;top_left&#8221; background_repeat=&#8221;repeat&#8221; width=&#8221;100%&#8221; max_width=&#8221;100%&#8221; global_colors_info=&#8221;{}&#8221;][et_pb_column type=&#8221;1_6&#8243; _builder_version=&#8221;4.16&#8243; custom_padding=&#8221;|||&#8221; global_colors_info=&#8221;{}&#8221; custom_padding__hover=&#8221;|||&#8221;][et_pb_image src=&#8221;https:\/\/museksschoulhesper.lu\/wp-content\/uploads\/2023\/04\/Saiteninstrumente-Musikkurse-blau-400&#215;284-1.jpg&#8221; title_text=&#8221;Saiteninstrumente-Musikkurse-blau-400&#215;284&#8243; _builder_version=&#8221;4.20.2&#8243; _module_preset=&#8221;default&#8221; global_colors_info=&#8221;{}&#8221;][\/et_pb_image][\/et_pb_column][et_pb_column type=&#8221;1_6&#8243; _builder_version=&#8221;4.16&#8243; custom_padding=&#8221;|||&#8221; global_colors_info=&#8221;{}&#8221; custom_padding__hover=&#8221;|||&#8221;][et_pb_image src=&#8221;https:\/\/museksschoulhesper.lu\/wp-content\/uploads\/2023\/04\/Musikkurse-Ensemble-rot-400&#215;284-1.jpg&#8221; title_text=&#8221;Musikkurse-Ensemble-rot-400&#215;284&#8243; _builder_version=&#8221;4.20.2&#8243; _module_preset=&#8221;default&#8221; global_colors_info=&#8221;{}&#8221;][\/et_pb_image][\/et_pb_column][et_pb_column type=&#8221;1_6&#8243; _builder_version=&#8221;4.16&#8243; custom_padding=&#8221;|||&#8221; global_colors_info=&#8221;{}&#8221; custom_padding__hover=&#8221;|||&#8221;][et_pb_image src=&#8221;https:\/\/museksschoulhesper.lu\/wp-content\/uploads\/2023\/04\/Orgel-Musikkurs-400&#215;284-1.jpg&#8221; title_text=&#8221;Orgel-Musikkurs-400&#215;284&#8243; _builder_version=&#8221;4.20.2&#8243; _module_preset=&#8221;default&#8221; global_colors_info=&#8221;{}&#8221;][\/et_pb_image][\/et_pb_column][et_pb_column type=&#8221;1_6&#8243; _builder_version=&#8221;4.16&#8243; custom_padding=&#8221;|||&#8221; global_colors_info=&#8221;{}&#8221; custom_padding__hover=&#8221;|||&#8221;][et_pb_image src=&#8221;https:\/\/museksschoulhesper.lu\/wp-content\/uploads\/2023\/04\/Musikkurse-Blechblaeser-rot-400&#215;284-1.jpg&#8221; title_text=&#8221;Musikkurse-Blechblaeser-rot-400&#215;284&#8243; _builder_version=&#8221;4.20.2&#8243; _module_preset=&#8221;default&#8221; global_colors_info=&#8221;{}&#8221;][\/et_pb_image][\/et_pb_column][et_pb_column type=&#8221;1_6&#8243; _builder_version=&#8221;4.16&#8243; custom_padding=&#8221;|||&#8221; global_colors_info=&#8221;{}&#8221; custom_padding__hover=&#8221;|||&#8221;][et_pb_image src=&#8221;https:\/\/museksschoulhesper.lu\/wp-content\/uploads\/2023\/04\/Streichinstrumente-Musikkurse-blau-400&#215;283-2.jpg&#8221; title_text=&#8221;Streichinstrumente-Musikkurse-blau-400&#215;283&#8243; _builder_version=&#8221;4.20.2&#8243; _module_preset=&#8221;default&#8221; global_colors_info=&#8221;{}&#8221;][\/et_pb_image][\/et_pb_column][et_pb_column type=&#8221;1_6&#8243; _builder_version=&#8221;4.16&#8243; custom_padding=&#8221;|||&#8221; global_colors_info=&#8221;{}&#8221; custom_padding__hover=&#8221;|||&#8221;][et_pb_image src=&#8221;https:\/\/museksschoulhesper.lu\/wp-content\/uploads\/2023\/04\/Klavier-Musikkurse-400&#215;284-1.jpg&#8221; title_text=&#8221;Klavier-Musikkurse-400&#215;284&#8243; _builder_version=&#8221;4.20.2&#8243; _module_preset=&#8221;default&#8221; global_colors_info=&#8221;{}&#8221;][\/et_pb_image][\/et_pb_column][\/et_pb_row][\/et_pb_section][et_pb_section fb_built=&#8221;1&#8243; admin_label=&#8221;section&#8221; _builder_version=&#8221;4.16&#8243; global_colors_info=&#8221;{}&#8221;][et_pb_row admin_label=&#8221;row&#8221; _builder_version=&#8221;4.16&#8243; background_size=&#8221;initial&#8221; background_position=&#8221;top_left&#8221; background_repeat=&#8221;repeat&#8221; global_colors_info=&#8221;{}&#8221;][et_pb_column type=&#8221;4_4&#8243; _builder_version=&#8221;4.16&#8243; custom_padding=&#8221;|||&#8221; global_colors_info=&#8221;{}&#8221; custom_padding__hover=&#8221;|||&#8221;][et_pb_text admin_label=&#8221;Text&#8221; _builder_version=&#8221;4.20.2&#8243; background_size=&#8221;initial&#8221; background_position=&#8221;top_left&#8221; background_repeat=&#8221;repeat&#8221; global_colors_info=&#8221;{}&#8221;]<\/p>\n<h1 class=\"title-heading-center fusion-responsive-typography-calculated\">Imprint<\/h1>\n<p>&nbsp;<\/p>\n<h4 data-fontsize=\"30\" data-lineheight=\"34.5px\" class=\"fusion-responsive-typography-calculated\">1. Editeur du site<\/h4>\n<p>Ce site est \u00e9dit\u00e9 par<span> <\/span><strong>l\u2019Administration Communale de Hesperange<\/strong>.<\/p>\n<p>Adresse :<span> <\/span><strong>474, route de Thionville \u2013 L-5886 Hesperange<\/strong><br \/>Num\u00e9ro de t\u00e9l\u00e9phone :<span> <\/span><strong><tcxspan tcxhref=\"+3523608081\" title=\"Call +352 36 08 08-1 via 3CX\">+352 36 08 08-1<\/tcxspan><\/strong><br \/>Adresse email :<span> <\/span><strong><a href=\"https:\/\/web.archive.org\/web\/20221224020948\/mailto:contact@hesperange.lu\">contact@hesperange.lu<\/a><\/strong><br \/>Directeur de la publication :<span> <\/span><strong>Marc LIES, Diane ADEHM, Georges BECK, Romain JUNCKER (Coll\u00e8ge \u00e9chevinal de Hesperange)<\/strong><br \/>H\u00e9bergeur web :<span> <\/span><a href=\"https:\/\/web.archive.org\/web\/20221224020948\/https:\/\/cloud.google.com\/about\/locations\/frankfurt\/\" target=\"_blank\" rel=\"noopener noreferrer\"><u>Google Cloud Platform \u2013 Frankfurt<\/u><\/a><\/p>\n<\/p>\n<p>[\/et_pb_text][\/et_pb_column][\/et_pb_row][\/et_pb_section]<\/p>\n","protected":false},"excerpt":{"rendered":"<p>Imprint &nbsp; 1. Editeur du site Ce site est \u00e9dit\u00e9 par l\u2019Administration Communale de Hesperange. Adresse : 474, route de Thionville \u2013 L-5886 HesperangeNum\u00e9ro de t\u00e9l\u00e9phone : +352 36 08 08-1Adresse email : contact@hesperange.luDirecteur de la publication : Marc LIES, Diane ADEHM, Georges BECK, Romain JUNCKER (Coll\u00e8ge \u00e9chevinal de Hesperange)H\u00e9bergeur web : Google Cloud Platform [&hellip;]<\/p>\n","protected":false},"author":1,"featured_media":0,"parent":0,"menu_order":0,"comment_status":"closed","ping_status":"open","template":"","meta":{"_et_pb_use_builder":"on","_et_pb_old_content":"","_et_gb_content_width":"","footnotes":""},"class_list":["post-2245","page","type-page","status-publish","hentry"],"yoast_head":"<!-- This site is optimized with the Yoast SEO plugin v20.6 - https:\/\/yoast.com\/wordpress\/plugins\/seo\/ -->\n<title>Imprint - museksschoulhesper.lu<\/title>\n<meta name=\"robots\" content=\"index, follow, max-snippet:-1, max-image-preview:large, max-video-preview:-1\" \/>\n<link rel=\"canonical\" href=\"https:\/\/museksschoulhesper.lu\/en\/imprint-data-protection\/\" \/>\n<meta property=\"og:locale\" content=\"en_US\" \/>\n<meta property=\"og:type\" content=\"article\" \/>\n<meta property=\"og:title\" content=\"Imprint - museksschoulhesper.lu\" \/>\n<meta property=\"og:description\" content=\"Imprint &nbsp; 1. Editeur du site Ce site est \u00e9dit\u00e9 par l\u2019Administration Communale de Hesperange. Adresse : 474, route de Thionville \u2013 L-5886 HesperangeNum\u00e9ro de t\u00e9l\u00e9phone : +352 36 08 08-1Adresse email : contact@hesperange.luDirecteur de la publication : Marc LIES, Diane ADEHM, Georges BECK, Romain JUNCKER (Coll\u00e8ge \u00e9chevinal de Hesperange)H\u00e9bergeur web : Google Cloud Platform [&hellip;]\" \/>\n<meta property=\"og:url\" content=\"https:\/\/museksschoulhesper.lu\/en\/imprint-data-protection\/\" \/>\n<meta property=\"og:site_name\" content=\"museksschoulhesper.lu\" \/>\n<meta property=\"article:modified_time\" content=\"2023-07-16T12:39:59+00:00\" \/>\n<meta name=\"twitter:card\" content=\"summary_large_image\" \/>\n<meta name=\"twitter:label1\" content=\"Est. reading time\" \/>\n\t<meta name=\"twitter:data1\" content=\"2 minutes\" \/>\n<script type=\"application\/ld+json\" class=\"yoast-schema-graph\">{\"@context\":\"https:\/\/schema.org\",\"@graph\":[{\"@type\":\"WebPage\",\"@id\":\"https:\/\/museksschoulhesper.lu\/en\/imprint-data-protection\/\",\"url\":\"https:\/\/museksschoulhesper.lu\/en\/imprint-data-protection\/\",\"name\":\"Imprint - museksschoulhesper.lu\",\"isPartOf\":{\"@id\":\"https:\/\/museksschoulhesper.lu\/#website\"},\"datePublished\":\"2023-04-02T15:45:46+00:00\",\"dateModified\":\"2023-07-16T12:39:59+00:00\",\"breadcrumb\":{\"@id\":\"https:\/\/museksschoulhesper.lu\/en\/imprint-data-protection\/#breadcrumb\"},\"inLanguage\":\"en-US\",\"potentialAction\":[{\"@type\":\"ReadAction\",\"target\":[\"https:\/\/museksschoulhesper.lu\/en\/imprint-data-protection\/\"]}]},{\"@type\":\"BreadcrumbList\",\"@id\":\"https:\/\/museksschoulhesper.lu\/en\/imprint-data-protection\/#breadcrumb\",\"itemListElement\":[{\"@type\":\"ListItem\",\"position\":1,\"name\":\"Startseite\",\"item\":\"https:\/\/museksschoulhesper.lu\/en\/\"},{\"@type\":\"ListItem\",\"position\":2,\"name\":\"Imprint\"}]},{\"@type\":\"WebSite\",\"@id\":\"https:\/\/museksschoulhesper.lu\/#website\",\"url\":\"https:\/\/museksschoulhesper.lu\/\",\"name\":\"museksschoulhesper.lu\",\"description\":\"\",\"potentialAction\":[{\"@type\":\"SearchAction\",\"target\":{\"@type\":\"EntryPoint\",\"urlTemplate\":\"https:\/\/museksschoulhesper.lu\/?s={search_term_string}\"},\"query-input\":\"required name=search_term_string\"}],\"inLanguage\":\"en-US\"}]}<\/script>\n<!-- \/ Yoast SEO plugin. -->","yoast_head_json":{"title":"Imprint - museksschoulhesper.lu","robots":{"index":"index","follow":"follow","max-snippet":"max-snippet:-1","max-image-preview":"max-image-preview:large","max-video-preview":"max-video-preview:-1"},"canonical":"https:\/\/museksschoulhesper.lu\/en\/imprint-data-protection\/","og_locale":"en_US","og_type":"article","og_title":"Imprint - museksschoulhesper.lu","og_description":"Imprint &nbsp; 1. Editeur du site Ce site est \u00e9dit\u00e9 par l\u2019Administration Communale de Hesperange. Adresse : 474, route de Thionville \u2013 L-5886 HesperangeNum\u00e9ro de t\u00e9l\u00e9phone : +352 36 08 08-1Adresse email : contact@hesperange.luDirecteur de la publication : Marc LIES, Diane ADEHM, Georges BECK, Romain JUNCKER (Coll\u00e8ge \u00e9chevinal de Hesperange)H\u00e9bergeur web : Google Cloud Platform [&hellip;]","og_url":"https:\/\/museksschoulhesper.lu\/en\/imprint-data-protection\/","og_site_name":"museksschoulhesper.lu","article_modified_time":"2023-07-16T12:39:59+00:00","twitter_card":"summary_large_image","twitter_misc":{"Est. reading time":"2 minutes"},"schema":{"@context":"https:\/\/schema.org","@graph":[{"@type":"WebPage","@id":"https:\/\/museksschoulhesper.lu\/en\/imprint-data-protection\/","url":"https:\/\/museksschoulhesper.lu\/en\/imprint-data-protection\/","name":"Imprint - museksschoulhesper.lu","isPartOf":{"@id":"https:\/\/museksschoulhesper.lu\/#website"},"datePublished":"2023-04-02T15:45:46+00:00","dateModified":"2023-07-16T12:39:59+00:00","breadcrumb":{"@id":"https:\/\/museksschoulhesper.lu\/en\/imprint-data-protection\/#breadcrumb"},"inLanguage":"en-US","potentialAction":[{"@type":"ReadAction","target":["https:\/\/museksschoulhesper.lu\/en\/imprint-data-protection\/"]}]},{"@type":"BreadcrumbList","@id":"https:\/\/museksschoulhesper.lu\/en\/imprint-data-protection\/#breadcrumb","itemListElement":[{"@type":"ListItem","position":1,"name":"Startseite","item":"https:\/\/museksschoulhesper.lu\/en\/"},{"@type":"ListItem","position":2,"name":"Imprint"}]},{"@type":"WebSite","@id":"https:\/\/museksschoulhesper.lu\/#website","url":"https:\/\/museksschoulhesper.lu\/","name":"museksschoulhesper.lu","description":"","potentialAction":[{"@type":"SearchAction","target":{"@type":"EntryPoint","urlTemplate":"https:\/\/museksschoulhesper.lu\/?s={search_term_string}"},"query-input":"required name=search_term_string"}],"inLanguage":"en-US"}]}},"_links":{"self":[{"href":"https:\/\/museksschoulhesper.lu\/en\/wp-json\/wp\/v2\/pages\/2245","targetHints":{"allow":["GET"]}}],"collection":[{"href":"https:\/\/museksschoulhesper.lu\/en\/wp-json\/wp\/v2\/pages"}],"about":[{"href":"https:\/\/museksschoulhesper.lu\/en\/wp-json\/wp\/v2\/types\/page"}],"author":[{"embeddable":true,"href":"https:\/\/museksschoulhesper.lu\/en\/wp-json\/wp\/v2\/users\/1"}],"replies":[{"embeddable":true,"href":"https:\/\/museksschoulhesper.lu\/en\/wp-json\/wp\/v2\/comments?post=2245"}],"version-history":[{"count":6,"href":"https:\/\/museksschoulhesper.lu\/en\/wp-json\/wp\/v2\/pages\/2245\/revisions"}],"predecessor-version":[{"id":2713,"href":"https:\/\/museksschoulhesper.lu\/en\/wp-json\/wp\/v2\/pages\/2245\/revisions\/2713"}],"wp:attachment":[{"href":"https:\/\/museksschoulhesper.lu\/en\/wp-json\/wp\/v2\/media?parent=2245"}],"curies":[{"name":"wp","href":"https:\/\/api.w.org\/{rel}","templated":true}]}}